{"id":119,"date":"2025-04-15T09:44:38","date_gmt":"2025-04-15T07:44:38","guid":{"rendered":"https:\/\/eurocastanea.ekuanimeprojects.com\/?page_id=119"},"modified":"2025-09-08T09:13:43","modified_gmt":"2025-09-08T07:13:43","slug":"jueves-11-de-septiembre","status":"publish","type":"page","link":"https:\/\/eurocastanea2025andalucia.com\/pt\/jueves-11-de-septiembre\/","title":{"rendered":"Quinta-feira, 11 de setembro"},"content":{"rendered":"<div data-elementor-type=\"wp-page\" data-elementor-id=\"119\" class=\"elementor elementor-119\" data-elementor-post-type=\"page\">\n\t\t\t\t<div class=\"elementor-element elementor-element-1ff5a1f e-con-full e-flex e-con e-parent\" data-id=\"1ff5a1f\" data-element_type=\"container\" data-settings=\"{&quot;background_background&quot;:&quot;classic&quot;}\">\n\t\t<div class=\"elementor-element elementor-element-f6ab4b6 e-con-full e-flex e-con e-child\" data-id=\"f6ab4b6\" data-element_type=\"container\">\n\t\t\t\t<div class=\"elementor-element elementor-element-5707477 elementor-widget elementor-widget-heading\" data-id=\"5707477\" data-element_type=\"widget\" data-widget_type=\"heading.default\">\n\t\t\t\t<div class=\"elementor-widget-container\">\n\t\t\t\t\t<h2 class=\"elementor-heading-title elementor-size-default\">Eurocastanea - 15\u00aa Festa Europeia da Castanha<\/h2>\t\t\t\t<\/div>\n\t\t\t\t<\/div>\n\t\t\t\t<div class=\"elementor-element elementor-element-7bcd99f elementor-widget elementor-widget-text-editor\" data-id=\"7bcd99f\" data-element_type=\"widget\" data-widget_type=\"text-editor.default\">\n\t\t\t\t<div class=\"elementor-widget-container\">\n\t\t\t\t\t\t\t\t\t<p>Quinta-feira, 11 de setembro \u2013 Parque Natural da Serra de Aracena e Picos de Aroche<\/p>\t\t\t\t\t\t\t\t<\/div>\n\t\t\t\t<\/div>\n\t\t\t\t<\/div>\n\t\t<div class=\"elementor-element elementor-element-d0d7763 e-con-full e-flex e-con e-child\" data-id=\"d0d7763\" data-element_type=\"container\">\n\t\t\t\t<\/div>\n\t\t\t\t<\/div>\n\t\t<div class=\"elementor-element elementor-element-c8c9e31 e-con-full e-flex e-con e-parent\" data-id=\"c8c9e31\" data-element_type=\"container\">\n\t\t\t\t<div class=\"elementor-element elementor-element-b772631 elementor-widget elementor-widget-heading\" data-id=\"b772631\" data-element_type=\"widget\" data-widget_type=\"heading.default\">\n\t\t\t\t<div class=\"elementor-widget-container\">\n\t\t\t\t\t<h2 class=\"elementor-heading-title elementor-size-default\">Eurocastanea 2025 - Dia 2<\/h2>\t\t\t\t<\/div>\n\t\t\t\t<\/div>\n\t\t<div class=\"elementor-element elementor-element-c63acd7 e-con-full e-flex e-con e-child\" data-id=\"c63acd7\" data-element_type=\"container\">\n\t\t<div class=\"elementor-element elementor-element-16a042c e-con-full e-flex e-con e-child\" data-id=\"16a042c\" data-element_type=\"container\" data-settings=\"{&quot;background_background&quot;:&quot;classic&quot;}\">\n\t\t\t\t<div class=\"elementor-element elementor-element-b417f51 elementor-widget elementor-widget-heading\" data-id=\"b417f51\" data-element_type=\"widget\" data-widget_type=\"heading.default\">\n\t\t\t\t<div class=\"elementor-widget-container\">\n\t\t\t\t\t<h2 class=\"elementor-heading-title elementor-size-default\">Agenda - AM<\/h2>\t\t\t\t<\/div>\n\t\t\t\t<\/div>\n\t\t\t\t<div class=\"elementor-element elementor-element-3c0368d elementor-widget elementor-widget-text-editor\" data-id=\"3c0368d\" data-element_type=\"widget\" data-widget_type=\"text-editor.default\">\n\t\t\t\t<div class=\"elementor-widget-container\">\n\t\t\t\t\t\t\t\t\t<p><strong>8h30 - 9h30 Credenciamento.<\/strong><\/p>\t\t\t\t\t\t\t\t<\/div>\n\t\t\t\t<\/div>\n\t\t\t\t<div class=\"elementor-element elementor-element-7d86bad elementor-widget elementor-widget-text-editor\" data-id=\"7d86bad\" data-element_type=\"widget\" data-widget_type=\"text-editor.default\">\n\t\t\t\t<div class=\"elementor-widget-container\">\n\t\t\t\t\t\t\t\t\t<p><strong>9h30 \u2013 10h00 Abertura do Congresso.<\/strong><\/p><ul><li>Discurso da Ministra da Sustentabilidade e Ambiente do Governo Regional da Andaluzia, Sua Excel\u00eancia Catalina Garc\u00eda Carrasco<\/li><li>Discurso do Presidente do Conselho Provincial de Huelva, Sua Excel\u00eancia o Senhor David Toscano Contreras.<\/li><li>Discurso do Diretor da Unidade de Neg\u00f3cio da Caja Rural del Sur, Sr. Manuel Perez Barrera<\/li><li>Discurso do Presidente da Eurocastanea, Sr. Bertrand Guer\u00edn<\/li><li>Boas-vindas \u00e0 cidade de Aracena por parte do seu Presidente da C\u00e2mara, Sr. Manuel Guerra Gonz\u00e1lez<\/li><\/ul>\t\t\t\t\t\t\t\t<\/div>\n\t\t\t\t<\/div>\n\t\t\t\t<div class=\"elementor-element elementor-element-413c80b elementor-widget elementor-widget-text-editor\" data-id=\"413c80b\" data-element_type=\"widget\" data-widget_type=\"text-editor.default\">\n\t\t\t\t<div class=\"elementor-widget-container\">\n\t\t\t\t\t\t\t\t\t<p><strong>10:00 - 10:30 Abertura Confer\u00eancia<\/strong><\/p><ul><li>\u201cO valor dos servi\u00e7os ambientais derivados da estrutura do ecossistema da castanha no\nCO2 mercados\u201d Fernando Rodr\u00edguez L\u00f3pez. Universidade de Salamanca.<\/li><\/ul><p><strong>T\u00f3pico A. Andaluzia, o castanheiro do sul da Europa<\/strong><\/p>\t\t\t\t\t\t\t\t<\/div>\n\t\t\t\t<\/div>\n\t\t\t\t<div class=\"elementor-element elementor-element-f7bfe6b elementor-widget elementor-widget-text-editor\" data-id=\"f7bfe6b\" data-element_type=\"widget\" data-widget_type=\"text-editor.default\">\n\t\t\t\t<div class=\"elementor-widget-container\">\n\t\t\t\t\t\t\t\t\t<p><strong>10:30 - 11:00 O Os soutos da Andaluzia<\/strong><\/p><ul><li>O castanheiro de M\u00e1laga: perspectivas futuras. Francisco Boza, Chefe do Setor da Castanha, COAG Andalucia (Espanha)<\/li><li>A castanha de Huelva Perspectivas futuras da Grove , Arturo Mart\u00ednez Ronda, Presidente de Casta\u00f1era\nSerrana, Sociedade Cooperativa Andaluza , Huelva ( Espanha )<\/li><\/ul>\t\t\t\t\t\t\t\t<\/div>\n\t\t\t\t<\/div>\n\t\t\t\t<div class=\"elementor-element elementor-element-8f71ead elementor-widget elementor-widget-text-editor\" data-id=\"8f71ead\" data-element_type=\"widget\" data-widget_type=\"text-editor.default\">\n\t\t\t\t<div class=\"elementor-widget-container\">\n\t\t\t\t\t\t\t\t\t<p><strong>11:00- 11:30 Pausa para caf\u00e9.<\/strong><\/p><p><strong>T\u00f3pico B. Situa\u00e7\u00e3o atual e perspectivas para a campanha de 2025 na Europa.<\/strong><\/p>\t\t\t\t\t\t\t\t<\/div>\n\t\t\t\t<\/div>\n\t\t\t\t<div class=\"elementor-element elementor-element-6b8abae elementor-widget elementor-widget-text-editor\" data-id=\"6b8abae\" data-element_type=\"widget\" data-widget_type=\"text-editor.default\">\n\t\t\t\t<div class=\"elementor-widget-container\">\n\t\t\t\t\t\t\t\t\t<p><strong>11h30 \u2013 00h30 O castanheiro europeu<\/strong><\/p><p>Mesa redonda: A pr\u00f3xima campanha europeia da castanha: a situa\u00e7\u00e3o da cultura num ambiente de altera\u00e7\u00f5es clim\u00e1ticas.<\/p><ul><li>Situa\u00e7\u00e3o na It\u00e1lia: Giovanni Gamba, Unito<\/li><li>Situa\u00e7\u00e3o na Fran\u00e7a Jean-Roland Lavergne, SNPC<\/li><li>Situa\u00e7\u00e3o em Portugal: Maria Jo\u00e3o Gaspar  REFCAST \/ UTAD<\/li><li>Situa\u00e7\u00e3o na Gr\u00e9cia: Theodora Patsiavoudi<\/li><li>Situa\u00e7\u00e3o na \u00c1ustria: Johannes Schanti, ARGE Zukunft Edelkastanie<\/li><li>Situa\u00e7\u00e3o na Espanha: orador a ser determinado<\/li><li>Boas-vindas \u00e0 cidade de Aracena por parte do seu Presidente da C\u00e2mara, Sr. Manuel Guerra Gonz\u00e1lez<\/li><\/ul>\t\t\t\t\t\t\t\t<\/div>\n\t\t\t\t<\/div>\n\t\t\t\t<\/div>\n\t\t<div class=\"elementor-element elementor-element-53a5d1c e-con-full e-flex e-con e-child\" data-id=\"53a5d1c\" data-element_type=\"container\" data-settings=\"{&quot;background_background&quot;:&quot;classic&quot;}\">\n\t\t\t\t<div class=\"elementor-element elementor-element-c38d986 elementor-widget elementor-widget-heading\" data-id=\"c38d986\" data-element_type=\"widget\" data-widget_type=\"heading.default\">\n\t\t\t\t<div class=\"elementor-widget-container\">\n\t\t\t\t\t<h2 class=\"elementor-heading-title elementor-size-default\">Agenda - PM<\/h2>\t\t\t\t<\/div>\n\t\t\t\t<\/div>\n\t\t\t\t<div class=\"elementor-element elementor-element-a011ff1 elementor-widget elementor-widget-text-editor\" data-id=\"a011ff1\" data-element_type=\"widget\" data-widget_type=\"text-editor.default\">\n\t\t\t\t<div class=\"elementor-widget-container\">\n\t\t\t\t\t\t\t\t\t<p><strong>12h30-12h45 Debate<\/strong><\/p><p><strong>T\u00f3pico C: Processamento e comercializa\u00e7\u00e3o de castanhas<\/strong><\/p>\t\t\t\t\t\t\t\t<\/div>\n\t\t\t\t<\/div>\n\t\t\t\t<div class=\"elementor-element elementor-element-18e06a7 elementor-widget elementor-widget-text-editor\" data-id=\"18e06a7\" data-element_type=\"widget\" data-widget_type=\"text-editor.default\">\n\t\t\t\t<div class=\"elementor-widget-container\">\n\t\t\t\t\t\t\t\t\t<p><strong>12h45 - 13h45 Experi\u00eancias relevantes no processamento e comercializa\u00e7\u00e3o de castanhas.<\/strong><\/p><p>Como agregar valor aos territ\u00f3rios por meio da gest\u00e3o e do processamento da castanha. Nacional e internacional experi\u00eancias<\/p><ul><li>Garantindo a qualidade e a sanidade das castanhas no varejo e no consumo. Giacomo Gatti, Centro de\nPesquisa Laimburg (Bolzano, It\u00e1lia).<\/li><li>Tend\u00eancias do mercado de castanhas org\u00e2nicas: a import\u00e2ncia da sustentabilidade para os consumidores. \u00c1lvaro Barrera Fern\u00e1ndez, Presidente da Ecovalia (Espanha)<\/li><li>Processamento de castanhas locais: quais ferramentas para atender \u00e0s necessidades dos produtores e do mercado? O exemplo do departamento de Ard\u00e8che (Fran\u00e7a) Michel Grange \u2013 SNPC \u2013 SDCA ( Sindicato de Defesa da Ch\u00e2taigne d'Ard\u00e8che )<\/li><li>Repensando a castanha: Uma estrat\u00e9gia europeia partilhada para o crescimento e o posicionamento dos consumidores. Diana Cataldo y Massimo Iannaccone, Miriade &amp; Partners<\/li><\/ul>\t\t\t\t\t\t\t\t<\/div>\n\t\t\t\t<\/div>\n\t\t\t\t<div class=\"elementor-element elementor-element-d6d56bc elementor-widget elementor-widget-text-editor\" data-id=\"d6d56bc\" data-element_type=\"widget\" data-widget_type=\"text-editor.default\">\n\t\t\t\t<div class=\"elementor-widget-container\">\n\t\t\t\t\t\t\t\t\t<p><strong>13:45-14:00 pm Debate<\/strong><\/p>\t\t\t\t\t\t\t\t<\/div>\n\t\t\t\t<\/div>\n\t\t\t\t<div class=\"elementor-element elementor-element-363395c elementor-widget elementor-widget-text-editor\" data-id=\"363395c\" data-element_type=\"widget\" data-widget_type=\"text-editor.default\">\n\t\t\t\t<div class=\"elementor-widget-container\">\n\t\t\t\t\t\t\t\t\t<p><strong>14h00 - 15h30 Almo\u00e7o (Prova de produtos \u201cmarca parque natural\u201d).<\/strong><\/p>\t\t\t\t\t\t\t\t<\/div>\n\t\t\t\t<\/div>\n\t\t\t\t<div class=\"elementor-element elementor-element-742aced elementor-widget elementor-widget-text-editor\" data-id=\"742aced\" data-element_type=\"widget\" data-widget_type=\"text-editor.default\">\n\t\t\t\t<div class=\"elementor-widget-container\">\n\t\t\t\t\t\t\t\t\t<p><strong>15h30 \u2013 16h30 Perspectivas futuras para a produ\u00e7\u00e3o e comercializa\u00e7\u00e3o de castanhas na Europa.<\/strong><\/p><ul><li>Apresenta\u00e7\u00e3o introdut\u00f3ria. O sector europeu da castanha no contexto de um mercado global. Jos\u00e9 GomesLaranjo - Universidade de Tr\u00e1s-os-Montes e Alto Douro<\/li><li><p>Debate \u2013 di\u00e1logo\/Mesa redonda:<br \/>Roc\u00edo Vazquez, Agr\u00edcola el Com\u00fan SA<br \/>Alcinio Perez, Refcast - Associa\u00e7\u00e3o Portuguesa da CastaRegia Douro Parka<\/p><p>Empresa de marketing nacional e internacional<\/p><\/li><\/ul>\t\t\t\t\t\t\t\t<\/div>\n\t\t\t\t<\/div>\n\t\t\t\t<div class=\"elementor-element elementor-element-8ac400c elementor-widget elementor-widget-text-editor\" data-id=\"8ac400c\" data-element_type=\"widget\" data-widget_type=\"text-editor.default\">\n\t\t\t\t<div class=\"elementor-widget-container\">\n\t\t\t\t\t\t\t\t\t<p><strong>16h30-17h00 Debate<\/strong><\/p>\t\t\t\t\t\t\t\t<\/div>\n\t\t\t\t<\/div>\n\t\t\t\t<div class=\"elementor-element elementor-element-b1314b5 elementor-widget elementor-widget-text-editor\" data-id=\"b1314b5\" data-element_type=\"widget\" data-widget_type=\"text-editor.default\">\n\t\t\t\t<div class=\"elementor-widget-container\">\n\t\t\t\t\t\t\t\t\t<p><strong>17h00 \u2013 19h30 Visita de campo .<\/strong><\/p><p>Instala\u00e7\u00f5es da SCA Casta\u00f1era Serrana e da Cooperativa La Esperanza de Los Marines.<\/p><ul><li>Instala\u00e7\u00f5es da SCA Casta\u00f1era Serrana.<\/li><li>Fazendas piloto de projetos implantados no PNSAPA.<\/li><li>Quintas com diferentes variedades locais ( Plantalajar , Helechal , Comisaria , Vazquez) para apreciar e distinguir a diversidade de \u00e1rvores e frutos.<\/li><li>Durante as visitas, demonstra\u00e7\u00f5es ao vivo: M\u00e1quinas, artesanato.<\/li><\/ul>\t\t\t\t\t\t\t\t<\/div>\n\t\t\t\t<\/div>\n\t\t\t\t<div class=\"elementor-element elementor-element-f6919ab elementor-widget elementor-widget-text-editor\" data-id=\"f6919ab\" data-element_type=\"widget\" data-widget_type=\"text-editor.default\">\n\t\t\t\t<div class=\"elementor-widget-container\">\n\t\t\t\t\t\t\t\t\t<p><strong>20h30 Jantar (Restaurante El Camino, Almonaster La Real)<\/strong><\/p>\t\t\t\t\t\t\t\t<\/div>\n\t\t\t\t<\/div>\n\t\t\t\t<\/div>\n\t\t\t\t<\/div>\n\t\t\t\t<\/div>\n\t\t<div class=\"elementor-element elementor-element-3268116 e-flex e-con-boxed e-con e-parent\" data-id=\"3268116\" data-element_type=\"container\">\n\t\t\t\t\t<div class=\"e-con-inner\">\n\t\t\t\t<div class=\"elementor-element elementor-element-48f55c7 elementor-widget elementor-widget-heading\" data-id=\"48f55c7\" data-element_type=\"widget\" data-widget_type=\"heading.default\">\n\t\t\t\t<div class=\"elementor-widget-container\">\n\t\t\t\t\t<h2 class=\"elementor-heading-title elementor-size-default\">\u201cA tradu\u00e7\u00e3o simult\u00e2nea das palestras para espanhol, ingl\u00eas, franc\u00eas, portugu\u00eas e italiano estar\u00e1 dispon\u00edvel para os participantes na confer\u00eancia\u201d.<\/h2>\t\t\t\t<\/div>\n\t\t\t\t<\/div>\n\t\t\t\t\t<\/div>\n\t\t\t\t<\/div>\n\t\t\t\t<\/div>","protected":false},"excerpt":{"rendered":"<p>Eurocastanea &#8211; xv jornadas europeas de la casta\u00f1a Jueves 11 de septiembre &#8211; Parque Natural Sierra de Aracena y Picos de Aroche Eurocastanea 2025 &#8211; D\u00eda 2 Agenda &#8211; AM 8.30 &#8211; 9.30 a.m. Acreditaci\u00f3n. 9:30 \u2013 10:00 am Apertura del Congreso. Palabras de la Consejera de Sostenibilidad y Medio Ambiente de la Junta de [&hellip;]<\/p>","protected":false},"author":1,"featured_media":0,"parent":0,"menu_order":0,"comment_status":"closed","ping_status":"closed","template":"","meta":{"footnotes":""},"class_list":["post-119","page","type-page","status-publish","hentry"],"_links":{"self":[{"href":"https:\/\/eurocastanea2025andalucia.com\/pt\/wp-json\/wp\/v2\/pages\/119","targetHints":{"allow":["GET"]}}],"collection":[{"href":"https:\/\/eurocastanea2025andalucia.com\/pt\/wp-json\/wp\/v2\/pages"}],"about":[{"href":"https:\/\/eurocastanea2025andalucia.com\/pt\/wp-json\/wp\/v2\/types\/page"}],"author":[{"embeddable":true,"href":"https:\/\/eurocastanea2025andalucia.com\/pt\/wp-json\/wp\/v2\/users\/1"}],"replies":[{"embeddable":true,"href":"https:\/\/eurocastanea2025andalucia.com\/pt\/wp-json\/wp\/v2\/comments?post=119"}],"version-history":[{"count":70,"href":"https:\/\/eurocastanea2025andalucia.com\/pt\/wp-json\/wp\/v2\/pages\/119\/revisions"}],"predecessor-version":[{"id":1170,"href":"https:\/\/eurocastanea2025andalucia.com\/pt\/wp-json\/wp\/v2\/pages\/119\/revisions\/1170"}],"wp:attachment":[{"href":"https:\/\/eurocastanea2025andalucia.com\/pt\/wp-json\/wp\/v2\/media?parent=119"}],"curies":[{"name":"wp","href":"https:\/\/api.w.org\/{rel}","templated":true}]}}