{"id":112,"date":"2025-04-15T09:15:36","date_gmt":"2025-04-15T07:15:36","guid":{"rendered":"https:\/\/eurocastanea.ekuanimeprojects.com\/?page_id=112"},"modified":"2025-06-02T12:36:20","modified_gmt":"2025-06-02T10:36:20","slug":"miercoles-10-de-septiembre","status":"publish","type":"page","link":"https:\/\/eurocastanea2025andalucia.com\/pt\/miercoles-10-de-septiembre\/","title":{"rendered":"Quarta-feira, 10 de setembro"},"content":{"rendered":"<div data-elementor-type=\"wp-page\" data-elementor-id=\"112\" class=\"elementor elementor-112\" data-elementor-post-type=\"page\">\n\t\t\t\t<div class=\"elementor-element elementor-element-1ff5a1f e-con-full e-flex e-con e-parent\" data-id=\"1ff5a1f\" data-element_type=\"container\" data-settings=\"{&quot;background_background&quot;:&quot;classic&quot;}\">\n\t\t<div class=\"elementor-element elementor-element-f6ab4b6 e-con-full e-flex e-con e-child\" data-id=\"f6ab4b6\" data-element_type=\"container\">\n\t\t\t\t<div class=\"elementor-element elementor-element-5707477 elementor-widget elementor-widget-heading\" data-id=\"5707477\" data-element_type=\"widget\" data-widget_type=\"heading.default\">\n\t\t\t\t<div class=\"elementor-widget-container\">\n\t\t\t\t\t<h2 class=\"elementor-heading-title elementor-size-default\">Eurocastanea - 15\u00aa Festa Europeia da Castanha<\/h2>\t\t\t\t<\/div>\n\t\t\t\t<\/div>\n\t\t\t\t<div class=\"elementor-element elementor-element-7bcd99f elementor-widget elementor-widget-text-editor\" data-id=\"7bcd99f\" data-element_type=\"widget\" data-widget_type=\"text-editor.default\">\n\t\t\t\t<div class=\"elementor-widget-container\">\n\t\t\t\t\t\t\t\t\t<p>Quarta-feira, 10 de setembro - Parque Natural Sierra de Aracena y Picos de Aroche<\/p>\t\t\t\t\t\t\t\t<\/div>\n\t\t\t\t<\/div>\n\t\t\t\t<\/div>\n\t\t<div class=\"elementor-element elementor-element-d0d7763 e-con-full e-flex e-con e-child\" data-id=\"d0d7763\" data-element_type=\"container\">\n\t\t\t\t<\/div>\n\t\t\t\t<\/div>\n\t\t<div class=\"elementor-element elementor-element-c8c9e31 e-flex e-con-boxed e-con e-parent\" data-id=\"c8c9e31\" data-element_type=\"container\">\n\t\t\t\t\t<div class=\"e-con-inner\">\n\t\t\t\t<div class=\"elementor-element elementor-element-b772631 elementor-widget elementor-widget-heading\" data-id=\"b772631\" data-element_type=\"widget\" data-widget_type=\"heading.default\">\n\t\t\t\t<div class=\"elementor-widget-container\">\n\t\t\t\t\t<h2 class=\"elementor-heading-title elementor-size-default\">Eurocastanea 2025 - Dia 1<\/h2>\t\t\t\t<\/div>\n\t\t\t\t<\/div>\n\t\t<div class=\"elementor-element elementor-element-c63acd7 e-con-full e-flex e-con e-child\" data-id=\"c63acd7\" data-element_type=\"container\">\n\t\t<div class=\"elementor-element elementor-element-c652215 e-flex e-con-boxed e-con e-child\" data-id=\"c652215\" data-element_type=\"container\" data-settings=\"{&quot;background_background&quot;:&quot;classic&quot;}\">\n\t\t\t\t\t<div class=\"e-con-inner\">\n\t\t\t\t<div class=\"elementor-element elementor-element-b417f51 elementor-widget elementor-widget-heading\" data-id=\"b417f51\" data-element_type=\"widget\" data-widget_type=\"heading.default\">\n\t\t\t\t<div class=\"elementor-widget-container\">\n\t\t\t\t\t<h2 class=\"elementor-heading-title elementor-size-default\">Transfer\u00eancias Sevilha-Barcel\u00f3 Hotel Aracena<\/h2>\t\t\t\t<\/div>\n\t\t\t\t<\/div>\n\t\t\t\t<div class=\"elementor-element elementor-element-cc6cc16 elementor-widget elementor-widget-heading\" data-id=\"cc6cc16\" data-element_type=\"widget\" data-widget_type=\"heading.default\">\n\t\t\t\t<div class=\"elementor-widget-container\">\n\t\t\t\t\t<h2 class=\"elementor-heading-title elementor-size-default\">Rece\u00e7\u00e3o dos participantes da confer\u00eancia\n- Hotel Barcel\u00f3 Aracena<\/h2>\t\t\t\t<\/div>\n\t\t\t\t<\/div>\n\t\t\t\t<div class=\"elementor-element elementor-element-55f62cb elementor-widget elementor-widget-text-editor\" data-id=\"55f62cb\" data-element_type=\"widget\" data-widget_type=\"text-editor.default\">\n\t\t\t\t<div class=\"elementor-widget-container\">\n\t\t\t\t\t\t\t\t\t<p class=\"translation-block\"><strong>17.00 \u2013 20.00 p.m. Reuni\u00f3n Plenaria de la Asamblea \/ Comit\u00e9 Directivo de<\/strong><br><strong>Eurocastanea<\/strong><\/p><p>Visitas locais e jantar por conta pr\u00f3pria.<\/p>\t\t\t\t\t\t\t\t<\/div>\n\t\t\t\t<\/div>\n\t\t\t\t\t<\/div>\n\t\t\t\t<\/div>\n\t\t\t\t<\/div>\n\t\t\t\t\t<\/div>\n\t\t\t\t<\/div>\n\t\t<div class=\"elementor-element elementor-element-9f924c2 e-flex e-con-boxed e-con e-parent\" data-id=\"9f924c2\" data-element_type=\"container\">\n\t\t\t\t\t<div class=\"e-con-inner\">\n\t\t\t\t<div class=\"elementor-element elementor-element-5d61ee7 elementor-widget elementor-widget-heading\" data-id=\"5d61ee7\" data-element_type=\"widget\" data-widget_type=\"heading.default\">\n\t\t\t\t<div class=\"elementor-widget-container\">\n\t\t\t\t\t<h2 class=\"elementor-heading-title elementor-size-default\">\u201cA tradu\u00e7\u00e3o simult\u00e2nea das palestras para espanhol, ingl\u00eas, franc\u00eas, portugu\u00eas e italiano estar\u00e1 dispon\u00edvel para os participantes na confer\u00eancia\u201d.<\/h2>\t\t\t\t<\/div>\n\t\t\t\t<\/div>\n\t\t\t\t\t<\/div>\n\t\t\t\t<\/div>\n\t\t\t\t<\/div>","protected":false},"excerpt":{"rendered":"<p>Eurocastanea &#8211; xv jornadas europeas de la casta\u00f1a Mi\u00e9rcoles 10 de septiembre &#8211; Parque Natural Sierra de Aracena y Picos de Aroche Eurocastanea 2025 &#8211; D\u00eda 1 Traslados Sevilla-Barcel\u00f3 Hotel Aracena Recepci\u00f3n de los participantes en las jornadas &#8211; Hotel Barcel\u00f3 Aracena 17.00 &#8211; 20.00 p.m. Reuni\u00f3n Plenaria de la Asamblea \/ Comit\u00e9 Directivo deEurocastanea [&hellip;]<\/p>","protected":false},"author":1,"featured_media":0,"parent":0,"menu_order":0,"comment_status":"closed","ping_status":"closed","template":"","meta":{"footnotes":""},"class_list":["post-112","page","type-page","status-publish","hentry"],"_links":{"self":[{"href":"https:\/\/eurocastanea2025andalucia.com\/pt\/wp-json\/wp\/v2\/pages\/112","targetHints":{"allow":["GET"]}}],"collection":[{"href":"https:\/\/eurocastanea2025andalucia.com\/pt\/wp-json\/wp\/v2\/pages"}],"about":[{"href":"https:\/\/eurocastanea2025andalucia.com\/pt\/wp-json\/wp\/v2\/types\/page"}],"author":[{"embeddable":true,"href":"https:\/\/eurocastanea2025andalucia.com\/pt\/wp-json\/wp\/v2\/users\/1"}],"replies":[{"embeddable":true,"href":"https:\/\/eurocastanea2025andalucia.com\/pt\/wp-json\/wp\/v2\/comments?post=112"}],"version-history":[{"count":25,"href":"https:\/\/eurocastanea2025andalucia.com\/pt\/wp-json\/wp\/v2\/pages\/112\/revisions"}],"predecessor-version":[{"id":816,"href":"https:\/\/eurocastanea2025andalucia.com\/pt\/wp-json\/wp\/v2\/pages\/112\/revisions\/816"}],"wp:attachment":[{"href":"https:\/\/eurocastanea2025andalucia.com\/pt\/wp-json\/wp\/v2\/media?parent=112"}],"curies":[{"name":"wp","href":"https:\/\/api.w.org\/{rel}","templated":true}]}}