{"id":299,"date":"2025-04-22T09:55:38","date_gmt":"2025-04-22T07:55:38","guid":{"rendered":"https:\/\/eurocastanea.ekuanimeprojects.com\/?page_id=299"},"modified":"2025-09-09T09:55:47","modified_gmt":"2025-09-09T07:55:47","slug":"acceso-al-congreso","status":"publish","type":"page","link":"https:\/\/eurocastanea2025andalucia.com\/it\/acceso-al-congreso\/","title":{"rendered":"Acceso al congreso"},"content":{"rendered":"<div data-elementor-type=\"wp-page\" data-elementor-id=\"299\" class=\"elementor elementor-299\" data-elementor-post-type=\"page\">\n\t\t\t\t<div class=\"elementor-element elementor-element-1ff5a1f e-con-full e-flex e-con e-parent\" data-id=\"1ff5a1f\" data-element_type=\"container\" data-settings=\"{&quot;background_background&quot;:&quot;classic&quot;}\">\n\t\t<div class=\"elementor-element elementor-element-f6ab4b6 e-con-full e-flex e-con e-child\" data-id=\"f6ab4b6\" data-element_type=\"container\">\n\t\t\t\t<div class=\"elementor-element elementor-element-5707477 elementor-widget elementor-widget-heading\" data-id=\"5707477\" data-element_type=\"widget\" data-widget_type=\"heading.default\">\n\t\t\t\t<div class=\"elementor-widget-container\">\n\t\t\t\t\t<h2 class=\"elementor-heading-title elementor-size-default\">Accesso conferenze<\/h2>\t\t\t\t<\/div>\n\t\t\t\t<\/div>\n\t\t\t\t<\/div>\n\t\t<div class=\"elementor-element elementor-element-d0d7763 e-con-full e-flex e-con e-child\" data-id=\"d0d7763\" data-element_type=\"container\">\n\t\t\t\t<\/div>\n\t\t\t\t<\/div>\n\t\t<div class=\"elementor-element elementor-element-5126c32 e-flex e-con-boxed e-con e-parent\" data-id=\"5126c32\" data-element_type=\"container\" id=\"parque\">\n\t\t\t\t\t<div class=\"e-con-inner\">\n\t\t\t\t<div class=\"elementor-element elementor-element-b9a988f elementor-widget elementor-widget-heading\" data-id=\"b9a988f\" data-element_type=\"widget\" data-widget_type=\"heading.default\">\n\t\t\t\t<div class=\"elementor-widget-container\">\n\t\t\t\t\t<h2 class=\"elementor-heading-title elementor-size-default\">Sede<\/h2>\t\t\t\t<\/div>\n\t\t\t\t<\/div>\n\t\t\t\t<div class=\"elementor-element elementor-element-673ac5e elementor-widget elementor-widget-text-editor\" data-id=\"673ac5e\" data-element_type=\"widget\" data-widget_type=\"text-editor.default\">\n\t\t\t\t<div class=\"elementor-widget-container\">\n\t\t\t\t\t\t\t\t\t<p>La conferenza si terr\u00e0 presso l'Hotel Barcel\u00f3 Aracena.<\/p>\t\t\t\t\t\t\t\t<\/div>\n\t\t\t\t<\/div>\n\t\t\t\t<div class=\"elementor-element elementor-element-63fe9dc elementor-widget elementor-widget-google_maps\" data-id=\"63fe9dc\" data-element_type=\"widget\" data-widget_type=\"google_maps.default\">\n\t\t\t\t<div class=\"elementor-widget-container\">\n\t\t\t\t\t\t\t<div class=\"elementor-custom-embed\">\n\t\t\t<iframe loading=\"lazy\"\n\t\t\t\t\tsrc=\"https:\/\/maps.google.com\/maps?q=hotel%20barcelo%20aracena&#038;t=m&#038;z=14&#038;output=embed&#038;iwloc=near\"\n\t\t\t\t\ttitle=\"hotel barcelo aracena\"\n\t\t\t\t\taria-label=\"hotel barcelo aracena\"\n\t\t\t><\/iframe>\n\t\t<\/div>\n\t\t\t\t\t\t<\/div>\n\t\t\t\t<\/div>\n\t\t\t\t\t<\/div>\n\t\t\t\t<\/div>\n\t\t<div class=\"elementor-element elementor-element-f063cf1 e-con-full e-flex e-con e-parent\" data-id=\"f063cf1\" data-element_type=\"container\">\n\t\t\t\t<div class=\"elementor-element elementor-element-e89954a elementor-hidden-desktop elementor-hidden-tablet elementor-hidden-mobile elementor-widget elementor-widget-text-editor\" data-id=\"e89954a\" data-element_type=\"widget\" data-widget_type=\"text-editor.default\">\n\t\t\t\t<div class=\"elementor-widget-container\">\n\t\t\t\t\t\t\t\t\t<p style=\"font-weight: 400;\"><strong>Ultime iscrizioni!<\/strong><\/p><p style=\"font-weight: 400;\"><strong>La disponibilit\u00e0 presso l\u2019hotel sede e l\u2019Hotel El Convento \u00e8 esaurita.<\/strong><\/p><p style=\"font-weight: 400;\"><strong>Per soddisfare la domanda, \u00e8 stato reso disponibile un pacchetto limitato di camere presso l\u2019Hotel Finca Valbono, fino ad esaurimento, con trasferimento verso l\u2019hotel sede durante le giornate incluso.<\/strong><\/p>\t\t\t\t\t\t\t\t<\/div>\n\t\t\t\t<\/div>\n\t\t\t\t<div class=\"elementor-element elementor-element-812e5b0 elementor-widget elementor-widget-text-editor\" data-id=\"812e5b0\" data-element_type=\"widget\" data-widget_type=\"text-editor.default\">\n\t\t\t\t<div class=\"elementor-widget-container\">\n\t\t\t\t\t\t\t\t\t<p style=\"font-weight: 400;\"><strong>Chiusura delle iscrizioni<\/strong><\/p><p style=\"font-weight: 400;\"><strong>Le Giornate Eurocastanea hanno esaurito tutti i posti disponibili, pertanto le iscrizioni sono chiuse. Saranno accettate nuove iscrizioni solo in caso di cancellazioni. Vi preghiamo di comunicare il vostro eventuale interesse via e-mail a: <a href=\"\/it\/travel@somosdestinorural.com\/\">travel@somosdestinorural.com<\/a> . <\/strong><\/p><p style=\"font-weight: 400;\"><strong>Grazie mille per la fiducia dimostrata.<\/strong><\/p>\t\t\t\t\t\t\t\t<\/div>\n\t\t\t\t<\/div>\n\t\t\t\t<div class=\"elementor-element elementor-element-487f0ac elementor-widget elementor-widget-heading\" data-id=\"487f0ac\" data-element_type=\"widget\" data-widget_type=\"heading.default\">\n\t\t\t\t<div class=\"elementor-widget-container\">\n\t\t\t\t\t<h2 class=\"elementor-heading-title elementor-size-default\">Modalit\u00e0 di registrazione<\/h2>\t\t\t\t<\/div>\n\t\t\t\t<\/div>\n\t\t\t\t<div class=\"elementor-element elementor-element-9d49f27 elementor-widget elementor-widget-text-editor\" data-id=\"9d49f27\" data-element_type=\"widget\" data-widget_type=\"text-editor.default\">\n\t\t\t\t<div class=\"elementor-widget-container\">\n\t\t\t\t\t\t\t\t\t<p style=\"font-weight: 400;\"><strong>\u201cLa disponibilit\u00e0 sar\u00e0 soggetta alle date in cui viene effettuata la prenotazione. Si ricorda che durante il congresso saremo ancora in alta stagione, quindi si consiglia di accelerare la prenotazione e l'iscrizione\u201d.<\/strong><\/p>\t\t\t\t\t\t\t\t<\/div>\n\t\t\t\t<\/div>\n\t\t<div class=\"elementor-element elementor-element-cab64d6 e-con-full e-flex e-con e-child\" data-id=\"cab64d6\" data-element_type=\"container\">\n\t\t<div class=\"elementor-element elementor-element-2327afb e-con-full e-flex e-con e-child\" data-id=\"2327afb\" data-element_type=\"container\" data-settings=\"{&quot;background_background&quot;:&quot;classic&quot;}\">\n\t\t\t\t<div class=\"elementor-element elementor-element-6b8572b elementor-widget elementor-widget-heading\" data-id=\"6b8572b\" data-element_type=\"widget\" data-widget_type=\"heading.default\">\n\t\t\t\t<div class=\"elementor-widget-container\">\n\t\t\t\t\t<h2 class=\"elementor-heading-title elementor-size-default\">Registrazione di base alla conferenza <\/h2>\t\t\t\t<\/div>\n\t\t\t\t<\/div>\n\t\t\t\t<div class=\"elementor-element elementor-element-de18c26 elementor-widget elementor-widget-text-editor\" data-id=\"de18c26\" data-element_type=\"widget\" data-widget_type=\"text-editor.default\">\n\t\t\t\t<div class=\"elementor-widget-container\">\n\t\t\t\t\t\t\t\t\t<p>(comprende il diritto a partecipare alla conferenza dell'11 e 12, caff\u00e8, pasti e trasferimenti per le visite sul campo)<\/p>\t\t\t\t\t\t\t\t<\/div>\n\t\t\t\t<\/div>\n\t\t\t\t<div class=\"elementor-element elementor-element-a09df49 elementor-widget elementor-widget-text-editor\" data-id=\"a09df49\" data-element_type=\"widget\" data-widget_type=\"text-editor.default\">\n\t\t\t\t<div class=\"elementor-widget-container\">\n\t\t\t\t\t\t\t\t\t<p>Registrazione: 105 euro<\/p>\t\t\t\t\t\t\t\t<\/div>\n\t\t\t\t<\/div>\n\t\t\t\t<\/div>\n\t\t<div class=\"elementor-element elementor-element-367ea26 e-con-full e-flex e-con e-child\" data-id=\"367ea26\" data-element_type=\"container\" data-settings=\"{&quot;background_background&quot;:&quot;classic&quot;}\">\n\t\t\t\t<div class=\"elementor-element elementor-element-c1888af elementor-widget elementor-widget-heading\" data-id=\"c1888af\" data-element_type=\"widget\" data-widget_type=\"heading.default\">\n\t\t\t\t<div class=\"elementor-widget-container\">\n\t\t\t\t\t<h2 class=\"elementor-heading-title elementor-size-default\">Registrazione completa alla conferenza<\/h2>\t\t\t\t<\/div>\n\t\t\t\t<\/div>\n\t\t\t\t<div class=\"elementor-element elementor-element-f9c444b elementor-widget elementor-widget-text-editor\" data-id=\"f9c444b\" data-element_type=\"widget\" data-widget_type=\"text-editor.default\">\n\t\t\t\t<div class=\"elementor-widget-container\">\n\t\t\t\t\t\t\t\t\t<p>(comprende iscrizione di base + eventi B2b e cooperazione di sabato 13 + cene di gioved\u00ec 11 e cena di chiusura di venerd\u00ec 12).<\/p>\t\t\t\t\t\t\t\t<\/div>\n\t\t\t\t<\/div>\n\t\t\t\t<div class=\"elementor-element elementor-element-3204178 elementor-widget elementor-widget-text-editor\" data-id=\"3204178\" data-element_type=\"widget\" data-widget_type=\"text-editor.default\">\n\t\t\t\t<div class=\"elementor-widget-container\">\n\t\t\t\t\t\t\t\t\t<p>Registrazione: 210 euro<\/p>\t\t\t\t\t\t\t\t<\/div>\n\t\t\t\t<\/div>\n\t\t\t\t<\/div>\n\t\t\t\t<\/div>\n\t\t<div class=\"elementor-element elementor-element-ffde68d e-con-full e-flex e-con e-child\" data-id=\"ffde68d\" data-element_type=\"container\">\n\t\t<div class=\"elementor-element elementor-element-5300b09 e-con-full e-flex e-con e-child\" data-id=\"5300b09\" data-element_type=\"container\" data-settings=\"{&quot;background_background&quot;:&quot;classic&quot;}\">\n\t\t\t\t<div class=\"elementor-element elementor-element-44ae0f7 elementor-widget elementor-widget-heading\" data-id=\"44ae0f7\" data-element_type=\"widget\" data-widget_type=\"heading.default\">\n\t\t\t\t<div class=\"elementor-widget-container\">\n\t\t\t\t\t<h2 class=\"elementor-heading-title elementor-size-default\">Iscrizione completa con alloggio presso l\u2019Hotel Finca Valbono<\/h2>\t\t\t\t<\/div>\n\t\t\t\t<\/div>\n\t\t\t\t<div class=\"elementor-element elementor-element-f82e722 elementor-widget elementor-widget-text-editor\" data-id=\"f82e722\" data-element_type=\"widget\" data-widget_type=\"text-editor.default\">\n\t\t\t\t<div class=\"elementor-widget-container\">\n\t\t\t\t\t\t\t\t\t<p style=\"font-weight: 400;\">Include iscrizione completa + alloggio presso l\u2019Hotel Finca Valbono in appartamento ad uso singolo + trasferimenti da\/per l\u2019aeroporto di Siviglia o la stazione ferroviaria di Santa Justa (notti del 10, 11 e 12 settembre). Include i trasferimenti verso l\u2019hotel sede e gli eventi durante le giornate.<\/p><p style=\"font-weight: 400;\">Iscrizione: 500 \u20ac<\/p>\t\t\t\t\t\t\t\t<\/div>\n\t\t\t\t<\/div>\n\t\t\t\t<\/div>\n\t\t<div class=\"elementor-element elementor-element-b21848f e-con-full e-flex e-con e-child\" data-id=\"b21848f\" data-element_type=\"container\" data-settings=\"{&quot;background_background&quot;:&quot;classic&quot;}\">\n\t\t\t\t<div class=\"elementor-element elementor-element-b7dc0b0 elementor-widget elementor-widget-heading\" data-id=\"b7dc0b0\" data-element_type=\"widget\" data-widget_type=\"heading.default\">\n\t\t\t\t<div class=\"elementor-widget-container\">\n\t\t\t\t\t<h2 class=\"elementor-heading-title elementor-size-default\">Iscrizione accompagnatore in appartamento presso l\u2019Hotel Finca Valbono (senza diritto a partecipare alle sessioni)<\/h2>\t\t\t\t<\/div>\n\t\t\t\t<\/div>\n\t\t\t\t<div class=\"elementor-element elementor-element-33a697d elementor-widget elementor-widget-text-editor\" data-id=\"33a697d\" data-element_type=\"widget\" data-widget_type=\"text-editor.default\">\n\t\t\t\t<div class=\"elementor-widget-container\">\n\t\t\t\t\t\t\t\t\t<p style=\"font-weight: 400;\">Include solo la cena del gioved\u00ec e la cena di chiusura, pi\u00f9 supplemento appartamento doppio presso l\u2019Hotel Finca Valbono (notti del 10, 11 e 12 settembre). Include i trasferimenti verso l\u2019hotel sede e gli eventi durante le giornate.<\/p><p style=\"font-weight: 400;\">Quota di iscrizione: 149 euro.<\/p>\t\t\t\t\t\t\t\t<\/div>\n\t\t\t\t<\/div>\n\t\t\t\t<\/div>\n\t\t\t\t<\/div>\n\t\t<div class=\"elementor-element elementor-element-70d3f63 e-con-full e-flex e-con e-child\" data-id=\"70d3f63\" data-element_type=\"container\">\n\t\t<div class=\"elementor-element elementor-element-22ee07c e-con-full e-flex e-con e-child\" data-id=\"22ee07c\" data-element_type=\"container\" data-settings=\"{&quot;background_background&quot;:&quot;classic&quot;}\">\n\t\t\t\t<div class=\"elementor-element elementor-element-37a8d2c elementor-widget elementor-widget-heading\" data-id=\"37a8d2c\" data-element_type=\"widget\" data-widget_type=\"heading.default\">\n\t\t\t\t<div class=\"elementor-widget-container\">\n\t\t\t\t\t<h2 class=\"elementor-heading-title elementor-size-default\">Iscrizione accompagnatore in appartamento presso l\u2019Hotel Finca Valbono con diritto a partecipare al congresso<\/h2>\t\t\t\t<\/div>\n\t\t\t\t<\/div>\n\t\t\t\t<div class=\"elementor-element elementor-element-6b1372f elementor-widget elementor-widget-text-editor\" data-id=\"6b1372f\" data-element_type=\"widget\" data-widget_type=\"text-editor.default\">\n\t\t\t\t<div class=\"elementor-widget-container\">\n\t\t\t\t\t\t\t\t\t<p style=\"font-weight: 400;\">Include iscrizione completa e supplemento per occupazione doppia in appartamento presso l\u2019Hotel Finca Valbono (notti del 10, 11 e 12 settembre). Include i trasferimenti verso l\u2019hotel sede e gli eventi durante le giornate.<\/p><p style=\"font-weight: 400;\">Quota di iscrizione: 259 euro.\u00a0\u00a0\u00a0\u00a0<\/p>\t\t\t\t\t\t\t\t<\/div>\n\t\t\t\t<\/div>\n\t\t\t\t<\/div>\n\t\t<div class=\"elementor-element elementor-element-f0f23b7 e-con-full e-flex e-con e-child\" data-id=\"f0f23b7\" data-element_type=\"container\" data-settings=\"{&quot;background_background&quot;:&quot;classic&quot;}\">\n\t\t\t\t<div class=\"elementor-element elementor-element-e8de31a elementor-widget elementor-widget-heading\" data-id=\"e8de31a\" data-element_type=\"widget\" data-widget_type=\"heading.default\">\n\t\t\t\t<div class=\"elementor-widget-container\">\n\t\t\t\t\t<h2 class=\"elementor-heading-title elementor-size-default\">Registrazione sponsor speciale<\/h2>\t\t\t\t<\/div>\n\t\t\t\t<\/div>\n\t\t\t\t<div class=\"elementor-element elementor-element-7afcdec elementor-widget elementor-widget-text-editor\" data-id=\"7afcdec\" data-element_type=\"widget\" data-widget_type=\"text-editor.default\">\n\t\t\t\t<div class=\"elementor-widget-container\">\n\t\t\t\t\t\t\t\t\t<p style=\"font-weight: 400;\">Include iscrizione completa gratuita alle giornate e soggiorno in appartamento singolo presso l\u2019Hotel Finca Valbono (notti del 10, 11 e 12 settembre). Include i trasferimenti verso l\u2019hotel sede e gli eventi durante le giornate.<\/p><p style=\"font-weight: 400;\">Quota di iscrizione: 290 euro.<\/p><p style=\"font-weight: 400;\">\u00a0<\/p>\t\t\t\t\t\t\t\t<\/div>\n\t\t\t\t<\/div>\n\t\t\t\t<\/div>\n\t\t\t\t<\/div>\n\t\t<div class=\"elementor-element elementor-element-fd7b672 e-con-full e-flex e-con e-child\" data-id=\"fd7b672\" data-element_type=\"container\">\n\t\t<div class=\"elementor-element elementor-element-4f1853a e-con-full e-flex e-con e-child\" data-id=\"4f1853a\" data-element_type=\"container\" data-settings=\"{&quot;background_background&quot;:&quot;classic&quot;}\">\n\t\t\t\t<div class=\"elementor-element elementor-element-4340fbe elementor-widget elementor-widget-heading\" data-id=\"4340fbe\" data-element_type=\"widget\" data-widget_type=\"heading.default\">\n\t\t\t\t<div class=\"elementor-widget-container\">\n\t\t\t\t\t<h2 class=\"elementor-heading-title elementor-size-default\">Iscrizione speciale relatori<\/h2>\t\t\t\t<\/div>\n\t\t\t\t<\/div>\n\t\t\t\t<div class=\"elementor-element elementor-element-13d2ae3 elementor-widget elementor-widget-text-editor\" data-id=\"13d2ae3\" data-element_type=\"widget\" data-widget_type=\"text-editor.default\">\n\t\t\t\t<div class=\"elementor-widget-container\">\n\t\t\t\t\t\t\t\t\t<p style=\"font-weight: 400;\">Include iscrizione completa con sconto del 50% pi\u00f9 soggiorno in appartamento ad uso singolo presso l\u2019Hotel Finca Valbono (notti del 10, 11 e 12 settembre). Include i trasferimenti verso l\u2019hotel sede e gli eventi durante le giornate.<\/p><p style=\"font-weight: 400;\">Quota unica di iscrizione: 395 euro.<\/p>\t\t\t\t\t\t\t\t<\/div>\n\t\t\t\t<\/div>\n\t\t\t\t<\/div>\n\t\t\t\t<\/div>\n\t\t\t\t<\/div>\n\t\t<div class=\"elementor-element elementor-element-426cf4b e-con-full e-flex e-con e-parent\" data-id=\"426cf4b\" data-element_type=\"container\">\n\t\t\t\t<div class=\"elementor-element elementor-element-0060595 elementor-widget elementor-widget-heading\" data-id=\"0060595\" data-element_type=\"widget\" data-widget_type=\"heading.default\">\n\t\t\t\t<div class=\"elementor-widget-container\">\n\t\t\t\t\t<h2 class=\"elementor-heading-title elementor-size-default\">Trasferimento alla conferenza<\/h2>\t\t\t\t<\/div>\n\t\t\t\t<\/div>\n\t\t\t\t<div class=\"elementor-element elementor-element-d60d2d2 elementor-widget elementor-widget-text-editor\" data-id=\"d60d2d2\" data-element_type=\"widget\" data-widget_type=\"text-editor.default\">\n\t\t\t\t<div class=\"elementor-widget-container\">\n\t\t\t\t\t\t\t\t\t<p>Formato da 28 comuni, 14 dei quali sono produttori di castagne.<\/p>\t\t\t\t\t\t\t\t<\/div>\n\t\t\t\t<\/div>\n\t\t<div class=\"elementor-element elementor-element-307ff1c e-con-full e-flex e-con e-child\" data-id=\"307ff1c\" data-element_type=\"container\">\n\t\t<div class=\"elementor-element elementor-element-80dc6ac e-con-full e-flex e-con e-child\" data-id=\"80dc6ac\" data-element_type=\"container\" data-settings=\"{&quot;background_background&quot;:&quot;classic&quot;}\">\n\t\t\t\t<div class=\"elementor-element elementor-element-6101b9a elementor-widget elementor-widget-heading\" data-id=\"6101b9a\" data-element_type=\"widget\" data-widget_type=\"heading.default\">\n\t\t\t\t<div class=\"elementor-widget-container\">\n\t\t\t\t\t<h2 class=\"elementor-heading-title elementor-size-default\">Trasferimento ufficiale della conferenza (Siviglia \/ Congresso \/ Siviglia)<\/h2>\t\t\t\t<\/div>\n\t\t\t\t<\/div>\n\t\t\t\t<div class=\"elementor-element elementor-element-415a8d4 elementor-widget elementor-widget-text-editor\" data-id=\"415a8d4\" data-element_type=\"widget\" data-widget_type=\"text-editor.default\">\n\t\t\t\t<div class=\"elementor-widget-container\">\n\t\t\t\t\t\t\t\t\t<p><b>Solo<\/b> per i congressisti che hanno prenotato <b>l\u2019alloggio presso l\u2019hotel principale (Barcel\u00f3) o presso l\u2019Hotel Convento.<\/b><\/p><p class=\"translation-block\">Saranno disponibili <strong>autobus<\/strong> per accompagnare i partecipanti iscritti al congresso dall'<strong>Aeroporto<\/strong> o dalla <strong>Stazione<\/strong> fino all'&lt;strong&#039;Hotel Barcel\u00f3 e ritorno a Siviglia<\/strong>.<\/p><p class=\"translation-block\">Gli <strong>orari<\/strong> dei trasferimenti saranno stabiliti in base alle <strong>informazioni sugli arrivi<\/strong> fornite dai partecipanti al congresso.<\/p>\t\t\t\t\t\t\t\t<\/div>\n\t\t\t\t<\/div>\n\t\t\t\t<\/div>\n\t\t<div class=\"elementor-element elementor-element-6f76169 e-con-full e-flex e-con e-child\" data-id=\"6f76169\" data-element_type=\"container\" data-settings=\"{&quot;background_background&quot;:&quot;classic&quot;}\">\n\t\t\t\t<div class=\"elementor-element elementor-element-3b7d262 elementor-widget elementor-widget-heading\" data-id=\"3b7d262\" data-element_type=\"widget\" data-widget_type=\"heading.default\">\n\t\t\t\t<div class=\"elementor-widget-container\">\n\t\t\t\t\t<h2 class=\"elementor-heading-title elementor-size-default\">Servizio pubblico di autobus (Siviglia \/ Aracena \/ Siviglia)<\/h2>\t\t\t\t<\/div>\n\t\t\t\t<\/div>\n\t\t\t\t<div class=\"elementor-element elementor-element-c0cc092 elementor-widget elementor-widget-text-editor\" data-id=\"c0cc092\" data-element_type=\"widget\" data-widget_type=\"text-editor.default\">\n\t\t\t\t<div class=\"elementor-widget-container\">\n\t\t\t\t\t\t\t\t\t<p class=\"translation-block\">La compagnia che gestisce il servizio autobus giornaliero \u00e8 la <strong><a href=\"https:\/\/damas-sa.es\/\" target=\"_self\"><span style=\"color: #daaf73\">Damas SA<\/span><\/a><\/strong>, la frequenza varia a seconda del periodo dell\u2019anno.<\/p><p>Si prega di verificare la frequenza il giorno richiesto sul sito web della compagnia di autobus.<\/p>\t\t\t\t\t\t\t\t<\/div>\n\t\t\t\t<\/div>\n\t\t\t\t<\/div>\n\t\t\t\t<\/div>\n\t\t\t\t<\/div>\n\t\t<div class=\"elementor-element elementor-element-c8d33ed e-con-full e-flex e-con e-parent\" data-id=\"c8d33ed\" data-element_type=\"container\">\n\t\t\t\t<div class=\"elementor-element elementor-element-ba665ef elementor-widget elementor-widget-heading\" data-id=\"ba665ef\" data-element_type=\"widget\" data-widget_type=\"heading.default\">\n\t\t\t\t<div class=\"elementor-widget-container\">\n\t\t\t\t\t<h2 class=\"elementor-heading-title elementor-size-default\">Soggiorno da lavoratore autonomo<\/h2>\t\t\t\t<\/div>\n\t\t\t\t<\/div>\n\t\t\t\t<div class=\"elementor-element elementor-element-79e93e1 elementor-widget elementor-widget-text-editor\" data-id=\"79e93e1\" data-element_type=\"widget\" data-widget_type=\"text-editor.default\">\n\t\t\t\t<div class=\"elementor-widget-container\">\n\t\t\t\t\t\t\t\t\t<p class=\"translation-block\">Il congresso ha negoziato tariffe speciali per i partecipanti che desiderano occuparsi personalmente del proprio alloggio e degli spostamenti. Per richiedere informazioni, scrivere a <a href=\"mailto:travel@somosdestinorural.com\" target=\"_blank\" rel=\"noopener\">travel@somosdestinorural.com<\/a><\/p>\t\t\t\t\t\t\t\t<\/div>\n\t\t\t\t<\/div>\n\t\t<div class=\"elementor-element elementor-element-367368d e-con-full e-flex e-con e-child\" data-id=\"367368d\" data-element_type=\"container\">\n\t\t<div class=\"elementor-element elementor-element-b34e47c e-con-full e-flex e-con e-child\" data-id=\"b34e47c\" data-element_type=\"container\" data-settings=\"{&quot;background_background&quot;:&quot;classic&quot;}\">\n\t\t\t\t<div class=\"elementor-element elementor-element-3344614 elementor-widget elementor-widget-heading\" data-id=\"3344614\" data-element_type=\"widget\" data-widget_type=\"heading.default\">\n\t\t\t\t<div class=\"elementor-widget-container\">\n\t\t\t\t\t<h2 class=\"elementor-heading-title elementor-size-default\">Hotel apartamentos Finca Valbono<\/h2>\t\t\t\t<\/div>\n\t\t\t\t<\/div>\n\t\t\t\t<div class=\"elementor-element elementor-element-e681f8c elementor-widget elementor-widget-text-editor\" data-id=\"e681f8c\" data-element_type=\"widget\" data-widget_type=\"text-editor.default\">\n\t\t\t\t<div class=\"elementor-widget-container\">\n\t\t\t\t\t\t\t\t\t<p>I prezzi includono la prima colazione fino a esaurimento della disponibilit\u00e0.<\/p><p>1) prenotazione entro il 30 giugno:\u00a0<\/p><p style=\"font-weight: 400;\">- Camera ad uso singolo: 77 \u20ac.<\/p><p style=\"font-weight: 400;\">- Camera per 2 persone: 98 \u20ac.<\/p><p style=\"font-weight: 400;\">- Appartamento ad uso singolo: \u20ac 82<\/p><p style=\"font-weight: 400;\">- Appartamento per 2 persone: 107 \u20ac.<\/p><p>2) Prenotazione a partire dal 1\u00b0 luglio:<\/p><p style=\"font-weight: 400;\">- Camera singola: 89 \u20ac.<\/p><p style=\"font-weight: 400;\">- Camera per 2 persone: 112 \u20ac.<\/p><p style=\"font-weight: 400;\">- Appartamento per uso singolo: \u20ac 95<\/p><p style=\"font-weight: 400;\">- Appartamento per 2 persone: 123 \u20ac.<\/p>\t\t\t\t\t\t\t\t<\/div>\n\t\t\t\t<\/div>\n\t\t\t\t<div class=\"elementor-element elementor-element-92ff11a elementor-align-left elementor-widget elementor-widget-button\" data-id=\"92ff11a\" data-element_type=\"widget\" data-widget_type=\"button.default\">\n\t\t\t\t<div class=\"elementor-widget-container\">\n\t\t\t\t\t\t\t\t\t<div class=\"elementor-button-wrapper\">\n\t\t\t\t\t<a class=\"elementor-button elementor-button-link elementor-size-sm\" href=\"https:\/\/www.fincavalbono.com\/\" target=\"_blank\">\n\t\t\t\t\t\t<span class=\"elementor-button-content-wrapper\">\n\t\t\t\t\t\t\t\t\t<span class=\"elementor-button-text\">Vedi hotel<\/span>\n\t\t\t\t\t<\/span>\n\t\t\t\t\t<\/a>\n\t\t\t\t<\/div>\n\t\t\t\t\t\t\t\t<\/div>\n\t\t\t\t<\/div>\n\t\t\t\t<\/div>\n\t\t<div class=\"elementor-element elementor-element-b82aba6 e-con-full e-flex e-con e-child\" data-id=\"b82aba6\" data-element_type=\"container\" data-settings=\"{&quot;background_background&quot;:&quot;classic&quot;}\">\n\t\t\t\t<div class=\"elementor-element elementor-element-cf9c580 elementor-widget elementor-widget-heading\" data-id=\"cf9c580\" data-element_type=\"widget\" data-widget_type=\"heading.default\">\n\t\t\t\t<div class=\"elementor-widget-container\">\n\t\t\t\t\t<h2 class=\"elementor-heading-title elementor-size-default\">Hotel Los Casta\u00f1os<\/h2>\t\t\t\t<\/div>\n\t\t\t\t<\/div>\n\t\t\t\t<div class=\"elementor-element elementor-element-80b4b5e elementor-widget elementor-widget-text-editor\" data-id=\"80b4b5e\" data-element_type=\"widget\" data-widget_type=\"text-editor.default\">\n\t\t\t\t<div class=\"elementor-widget-container\">\n\t\t\t\t\t\t\t\t\t<p><strong>La disponibilit\u00e0 \u00e8 solo dal 10 e 11 settembre, <\/strong>fino ad esaurimento delle camere disponibili.<\/p><p>Camera doppia: 90 euro<u><\/u><u><\/u><\/p><p>Camera doppia uso singola: 76 euro<\/p>\t\t\t\t\t\t\t\t<\/div>\n\t\t\t\t<\/div>\n\t\t\t\t<div class=\"elementor-element elementor-element-fa08b16 elementor-align-left elementor-widget elementor-widget-button\" data-id=\"fa08b16\" data-element_type=\"widget\" data-widget_type=\"button.default\">\n\t\t\t\t<div class=\"elementor-widget-container\">\n\t\t\t\t\t\t\t\t\t<div class=\"elementor-button-wrapper\">\n\t\t\t\t\t<a class=\"elementor-button elementor-button-link elementor-size-sm\" href=\"https:\/\/loscastanoshotel.com\/\" target=\"_blank\">\n\t\t\t\t\t\t<span class=\"elementor-button-content-wrapper\">\n\t\t\t\t\t\t\t\t\t<span class=\"elementor-button-text\">Vedi hotel<\/span>\n\t\t\t\t\t<\/span>\n\t\t\t\t\t<\/a>\n\t\t\t\t<\/div>\n\t\t\t\t\t\t\t\t<\/div>\n\t\t\t\t<\/div>\n\t\t\t\t<\/div>\n\t\t\t\t<\/div>\n\t\t\t\t<\/div>\n\t\t\t\t<\/div>","protected":false},"excerpt":{"rendered":"<p>Acceso jornadas Lugar de celebraci\u00f3n Las jornadas se celebrar\u00e1 en el Hotel Barcel\u00f3 Aracena \u00a1Ultimas inscripciones! Agotada la disponibilidad en Hotel sede y en el Hotel el Convento. Con el fin de atender la demanda se habilita para las ultimas inscripciones un paquete limitado de habitaciones en el Hotel Finca Valbono, hasta agotarse, traslado al [&hellip;]<\/p>","protected":false},"author":1,"featured_media":0,"parent":0,"menu_order":0,"comment_status":"closed","ping_status":"closed","template":"","meta":{"footnotes":""},"class_list":["post-299","page","type-page","status-publish","hentry"],"_links":{"self":[{"href":"https:\/\/eurocastanea2025andalucia.com\/it\/wp-json\/wp\/v2\/pages\/299","targetHints":{"allow":["GET"]}}],"collection":[{"href":"https:\/\/eurocastanea2025andalucia.com\/it\/wp-json\/wp\/v2\/pages"}],"about":[{"href":"https:\/\/eurocastanea2025andalucia.com\/it\/wp-json\/wp\/v2\/types\/page"}],"author":[{"embeddable":true,"href":"https:\/\/eurocastanea2025andalucia.com\/it\/wp-json\/wp\/v2\/users\/1"}],"replies":[{"embeddable":true,"href":"https:\/\/eurocastanea2025andalucia.com\/it\/wp-json\/wp\/v2\/comments?post=299"}],"version-history":[{"count":112,"href":"https:\/\/eurocastanea2025andalucia.com\/it\/wp-json\/wp\/v2\/pages\/299\/revisions"}],"predecessor-version":[{"id":1213,"href":"https:\/\/eurocastanea2025andalucia.com\/it\/wp-json\/wp\/v2\/pages\/299\/revisions\/1213"}],"wp:attachment":[{"href":"https:\/\/eurocastanea2025andalucia.com\/it\/wp-json\/wp\/v2\/media?parent=299"}],"curies":[{"name":"wp","href":"https:\/\/api.w.org\/{rel}","templated":true}]}}