{"id":131,"date":"2025-04-15T10:10:37","date_gmt":"2025-04-15T08:10:37","guid":{"rendered":"https:\/\/eurocastanea.ekuanimeprojects.com\/?page_id=131"},"modified":"2025-09-08T09:19:55","modified_gmt":"2025-09-08T07:19:55","slug":"sabado-13-de-septiembre","status":"publish","type":"page","link":"https:\/\/eurocastanea2025andalucia.com\/it\/sabado-13-de-septiembre\/","title":{"rendered":"Sabato 13 settembre"},"content":{"rendered":"<div data-elementor-type=\"wp-page\" data-elementor-id=\"131\" class=\"elementor elementor-131\" data-elementor-post-type=\"page\">\n\t\t\t\t<div class=\"elementor-element elementor-element-1ff5a1f e-con-full e-flex e-con e-parent\" data-id=\"1ff5a1f\" data-element_type=\"container\" data-settings=\"{&quot;background_background&quot;:&quot;classic&quot;}\">\n\t\t<div class=\"elementor-element elementor-element-f6ab4b6 e-con-full e-flex e-con e-child\" data-id=\"f6ab4b6\" data-element_type=\"container\">\n\t\t\t\t<div class=\"elementor-element elementor-element-5707477 elementor-widget elementor-widget-heading\" data-id=\"5707477\" data-element_type=\"widget\" data-widget_type=\"heading.default\">\n\t\t\t\t<div class=\"elementor-widget-container\">\n\t\t\t\t\t<h2 class=\"elementor-heading-title elementor-size-default\">Eurocastanea - xv festa europea della castagna<\/h2>\t\t\t\t<\/div>\n\t\t\t\t<\/div>\n\t\t\t\t<div class=\"elementor-element elementor-element-7bcd99f elementor-widget elementor-widget-text-editor\" data-id=\"7bcd99f\" data-element_type=\"widget\" data-widget_type=\"text-editor.default\">\n\t\t\t\t<div class=\"elementor-widget-container\">\n\t\t\t\t\t\t\t\t\t<p>Sabato 13 settembre - Parco Naturale Sierra de Aracena e Picos de Aroche<\/p>\t\t\t\t\t\t\t\t<\/div>\n\t\t\t\t<\/div>\n\t\t\t\t<\/div>\n\t\t<div class=\"elementor-element elementor-element-d0d7763 e-con-full e-flex e-con e-child\" data-id=\"d0d7763\" data-element_type=\"container\">\n\t\t\t\t<\/div>\n\t\t\t\t<\/div>\n\t\t<div class=\"elementor-element elementor-element-8846d24 e-con-full e-flex e-con e-parent\" data-id=\"8846d24\" data-element_type=\"container\">\n\t\t\t\t<div class=\"elementor-element elementor-element-cf563b7 elementor-widget elementor-widget-heading\" data-id=\"cf563b7\" data-element_type=\"widget\" data-widget_type=\"heading.default\">\n\t\t\t\t<div class=\"elementor-widget-container\">\n\t\t\t\t\t<h2 class=\"elementor-heading-title elementor-size-default\">Eurocastanea 2025 - Giorno 4<\/h2>\t\t\t\t<\/div>\n\t\t\t\t<\/div>\n\t\t<div class=\"elementor-element elementor-element-59932e3 e-con-full e-flex e-con e-child\" data-id=\"59932e3\" data-element_type=\"container\">\n\t\t<div class=\"elementor-element elementor-element-6f98c3f e-con-full e-flex e-con e-child\" data-id=\"6f98c3f\" data-element_type=\"container\" data-settings=\"{&quot;background_background&quot;:&quot;classic&quot;}\">\n\t\t\t\t<div class=\"elementor-element elementor-element-e8e163b elementor-widget elementor-widget-heading\" data-id=\"e8e163b\" data-element_type=\"widget\" data-widget_type=\"heading.default\">\n\t\t\t\t<div class=\"elementor-widget-container\">\n\t\t\t\t\t<h2 class=\"elementor-heading-title elementor-size-default\">Ordine del giorno - AM<\/h2>\t\t\t\t<\/div>\n\t\t\t\t<\/div>\n\t\t\t\t<div class=\"elementor-element elementor-element-395df57 elementor-widget elementor-widget-text-editor\" data-id=\"395df57\" data-element_type=\"widget\" data-widget_type=\"text-editor.default\">\n\t\t\t\t<div class=\"elementor-widget-container\">\n\t\t\t\t\t\t\t\t\t<p><b>9:30 - 12:00 Riunione B2B<\/b><\/p><p><span style=\"font-weight: 400;\">Incontri bilaterali tra i partecipanti al congresso, su richiesta di una delle parti.<\/span><\/p>\t\t\t\t\t\t\t\t<\/div>\n\t\t\t\t<\/div>\n\t\t\t\t<div class=\"elementor-element elementor-element-54c1070 elementor-widget elementor-widget-text-editor\" data-id=\"54c1070\" data-element_type=\"widget\" data-widget_type=\"text-editor.default\">\n\t\t\t\t<div class=\"elementor-widget-container\">\n\t\t\t\t\t\t\t\t\t<p><b>10:00 - 12:00 Creazione di reti di cooperazione e innovazione.<\/b><\/p><p>Individuazione di opportunit\u00e0 di cooperazione e innovazione tra i partecipanti. Si terranno parallelamente tre sessioni tematiche sui seguenti argomenti:<\/p><ul><li style=\"font-weight: 400;\" aria-level=\"1\"><i><span style=\"font-weight: 400;\">Parassiti e malattie del castagno<\/span><\/i><\/li><\/ul><ul><li style=\"font-weight: 400;\" aria-level=\"1\"><i><span style=\"font-weight: 400;\">Ecologia e cambiamenti climatici<\/span><\/i><\/li><li style=\"font-weight: 400;\" aria-level=\"1\"><i><span style=\"font-weight: 400;\">Promozione e marketing della casta\u00f1a\u200b <\/span><\/i><\/li><\/ul>\t\t\t\t\t\t\t\t<\/div>\n\t\t\t\t<\/div>\n\t\t\t\t<\/div>\n\t\t<div class=\"elementor-element elementor-element-d1fe0a2 e-con-full e-flex e-con e-child\" data-id=\"d1fe0a2\" data-element_type=\"container\" data-settings=\"{&quot;background_background&quot;:&quot;classic&quot;}\">\n\t\t\t\t<div class=\"elementor-element elementor-element-1ca3b19 elementor-widget elementor-widget-heading\" data-id=\"1ca3b19\" data-element_type=\"widget\" data-widget_type=\"heading.default\">\n\t\t\t\t<div class=\"elementor-widget-container\">\n\t\t\t\t\t<h2 class=\"elementor-heading-title elementor-size-default\">Ordine del giorno - PM<\/h2>\t\t\t\t<\/div>\n\t\t\t\t<\/div>\n\t\t\t\t<div class=\"elementor-element elementor-element-83b3909 elementor-widget elementor-widget-text-editor\" data-id=\"83b3909\" data-element_type=\"widget\" data-widget_type=\"text-editor.default\">\n\t\t\t\t<div class=\"elementor-widget-container\">\n\t\t\t\t\t\t\t\t\t<p><b>12:00 - 13:00 Riunione finale del comitato direttivo di Eurocastanea.<\/b><\/p>\t\t\t\t\t\t\t\t<\/div>\n\t\t\t\t<\/div>\n\t\t\t\t<div class=\"elementor-element elementor-element-dd3a448 elementor-widget elementor-widget-text-editor\" data-id=\"dd3a448\" data-element_type=\"widget\" data-widget_type=\"text-editor.default\">\n\t\t\t\t<div class=\"elementor-widget-container\">\n\t\t\t\t\t\t\t\t\t<p><b>13:30 - 16:00 Trasferimenti per l'aeroporto di Siviglia e la stazione di Santa Justa.<\/b><\/p>\t\t\t\t\t\t\t\t<\/div>\n\t\t\t\t<\/div>\n\t\t\t\t<div class=\"elementor-element elementor-element-34bd8ed elementor-widget elementor-widget-text-editor\" data-id=\"34bd8ed\" data-element_type=\"widget\" data-widget_type=\"text-editor.default\">\n\t\t\t\t<div class=\"elementor-widget-container\">\n\t\t\t\t\t\t\t\t\t<p><strong>Pranzo libero<\/strong><\/p>\t\t\t\t\t\t\t\t<\/div>\n\t\t\t\t<\/div>\n\t\t\t\t<\/div>\n\t\t\t\t<\/div>\n\t\t\t\t<\/div>\n\t\t<div class=\"elementor-element elementor-element-f9d9ecc e-flex e-con-boxed e-con e-parent\" data-id=\"f9d9ecc\" data-element_type=\"container\">\n\t\t\t\t\t<div class=\"e-con-inner\">\n\t\t\t\t<div class=\"elementor-element elementor-element-225b1b6 elementor-widget elementor-widget-heading\" data-id=\"225b1b6\" data-element_type=\"widget\" data-widget_type=\"heading.default\">\n\t\t\t\t<div class=\"elementor-widget-container\">\n\t\t\t\t\t<h2 class=\"elementor-heading-title elementor-size-default\">\u201cPer i partecipanti alla conferenza sar\u00e0 disponibile la traduzione simultanea delle conferenze in spagnolo, inglese, francese, portoghese e italiano\u201d.<\/h2>\t\t\t\t<\/div>\n\t\t\t\t<\/div>\n\t\t\t\t\t<\/div>\n\t\t\t\t<\/div>\n\t\t\t\t<\/div>","protected":false},"excerpt":{"rendered":"<p>Eurocastanea &#8211; xv jornadas europeas de la casta\u00f1a S\u00e1bado 13 de septiembre &#8211; Parque Natural Sierra de Aracena y Picos de Aroche Eurocastanea 2025 &#8211; D\u00eda 4 Agenda &#8211; AM 9:30 &#8211; 12:00 am Reuni\u00f3n B2B Reuniones bilaterales entre los participantes del congreso, a solicitud de una de las partes. 10:00 \u2013 12:00 am Creaci\u00f3n [&hellip;]<\/p>","protected":false},"author":1,"featured_media":0,"parent":0,"menu_order":0,"comment_status":"closed","ping_status":"closed","template":"","meta":{"footnotes":""},"class_list":["post-131","page","type-page","status-publish","hentry"],"_links":{"self":[{"href":"https:\/\/eurocastanea2025andalucia.com\/it\/wp-json\/wp\/v2\/pages\/131","targetHints":{"allow":["GET"]}}],"collection":[{"href":"https:\/\/eurocastanea2025andalucia.com\/it\/wp-json\/wp\/v2\/pages"}],"about":[{"href":"https:\/\/eurocastanea2025andalucia.com\/it\/wp-json\/wp\/v2\/types\/page"}],"author":[{"embeddable":true,"href":"https:\/\/eurocastanea2025andalucia.com\/it\/wp-json\/wp\/v2\/users\/1"}],"replies":[{"embeddable":true,"href":"https:\/\/eurocastanea2025andalucia.com\/it\/wp-json\/wp\/v2\/comments?post=131"}],"version-history":[{"count":40,"href":"https:\/\/eurocastanea2025andalucia.com\/it\/wp-json\/wp\/v2\/pages\/131\/revisions"}],"predecessor-version":[{"id":1179,"href":"https:\/\/eurocastanea2025andalucia.com\/it\/wp-json\/wp\/v2\/pages\/131\/revisions\/1179"}],"wp:attachment":[{"href":"https:\/\/eurocastanea2025andalucia.com\/it\/wp-json\/wp\/v2\/media?parent=131"}],"curies":[{"name":"wp","href":"https:\/\/api.w.org\/{rel}","templated":true}]}}