{"id":119,"date":"2025-04-15T09:44:38","date_gmt":"2025-04-15T07:44:38","guid":{"rendered":"https:\/\/eurocastanea.ekuanimeprojects.com\/?page_id=119"},"modified":"2025-09-08T09:13:43","modified_gmt":"2025-09-08T07:13:43","slug":"jueves-11-de-septiembre","status":"publish","type":"page","link":"https:\/\/eurocastanea2025andalucia.com\/it\/jueves-11-de-septiembre\/","title":{"rendered":"Gioved\u00ec 11 settembre"},"content":{"rendered":"<div data-elementor-type=\"wp-page\" data-elementor-id=\"119\" class=\"elementor elementor-119\" data-elementor-post-type=\"page\">\n\t\t\t\t<div class=\"elementor-element elementor-element-1ff5a1f e-con-full e-flex e-con e-parent\" data-id=\"1ff5a1f\" data-element_type=\"container\" data-settings=\"{&quot;background_background&quot;:&quot;classic&quot;}\">\n\t\t<div class=\"elementor-element elementor-element-f6ab4b6 e-con-full e-flex e-con e-child\" data-id=\"f6ab4b6\" data-element_type=\"container\">\n\t\t\t\t<div class=\"elementor-element elementor-element-5707477 elementor-widget elementor-widget-heading\" data-id=\"5707477\" data-element_type=\"widget\" data-widget_type=\"heading.default\">\n\t\t\t\t<div class=\"elementor-widget-container\">\n\t\t\t\t\t<h2 class=\"elementor-heading-title elementor-size-default\">Eurocastanea - xv festa europea della castagna<\/h2>\t\t\t\t<\/div>\n\t\t\t\t<\/div>\n\t\t\t\t<div class=\"elementor-element elementor-element-7bcd99f elementor-widget elementor-widget-text-editor\" data-id=\"7bcd99f\" data-element_type=\"widget\" data-widget_type=\"text-editor.default\">\n\t\t\t\t<div class=\"elementor-widget-container\">\n\t\t\t\t\t\t\t\t\t<p>Gioved\u00ec 11 settembre \u2013 Parco Naturale della Sierra de Aracena e Picos de Aroche<\/p>\t\t\t\t\t\t\t\t<\/div>\n\t\t\t\t<\/div>\n\t\t\t\t<\/div>\n\t\t<div class=\"elementor-element elementor-element-d0d7763 e-con-full e-flex e-con e-child\" data-id=\"d0d7763\" data-element_type=\"container\">\n\t\t\t\t<\/div>\n\t\t\t\t<\/div>\n\t\t<div class=\"elementor-element elementor-element-c8c9e31 e-con-full e-flex e-con e-parent\" data-id=\"c8c9e31\" data-element_type=\"container\">\n\t\t\t\t<div class=\"elementor-element elementor-element-b772631 elementor-widget elementor-widget-heading\" data-id=\"b772631\" data-element_type=\"widget\" data-widget_type=\"heading.default\">\n\t\t\t\t<div class=\"elementor-widget-container\">\n\t\t\t\t\t<h2 class=\"elementor-heading-title elementor-size-default\">Eurocastanea 2025 - Giorno 2<\/h2>\t\t\t\t<\/div>\n\t\t\t\t<\/div>\n\t\t<div class=\"elementor-element elementor-element-c63acd7 e-con-full e-flex e-con e-child\" data-id=\"c63acd7\" data-element_type=\"container\">\n\t\t<div class=\"elementor-element elementor-element-16a042c e-con-full e-flex e-con e-child\" data-id=\"16a042c\" data-element_type=\"container\" data-settings=\"{&quot;background_background&quot;:&quot;classic&quot;}\">\n\t\t\t\t<div class=\"elementor-element elementor-element-b417f51 elementor-widget elementor-widget-heading\" data-id=\"b417f51\" data-element_type=\"widget\" data-widget_type=\"heading.default\">\n\t\t\t\t<div class=\"elementor-widget-container\">\n\t\t\t\t\t<h2 class=\"elementor-heading-title elementor-size-default\">Ordine del giorno - AM<\/h2>\t\t\t\t<\/div>\n\t\t\t\t<\/div>\n\t\t\t\t<div class=\"elementor-element elementor-element-3c0368d elementor-widget elementor-widget-text-editor\" data-id=\"3c0368d\" data-element_type=\"widget\" data-widget_type=\"text-editor.default\">\n\t\t\t\t<div class=\"elementor-widget-container\">\n\t\t\t\t\t\t\t\t\t<p><strong>8:30 - 9:30 Accreditamento<\/strong><\/p>\t\t\t\t\t\t\t\t<\/div>\n\t\t\t\t<\/div>\n\t\t\t\t<div class=\"elementor-element elementor-element-7d86bad elementor-widget elementor-widget-text-editor\" data-id=\"7d86bad\" data-element_type=\"widget\" data-widget_type=\"text-editor.default\">\n\t\t\t\t<div class=\"elementor-widget-container\">\n\t\t\t\t\t\t\t\t\t<p><strong>9:30 \u2013 10:00 Apertura del Congresso.<\/strong><\/p><ul><li>Parole della Ministro della sostenibilit\u00e0 e dell'ambientea della Junta de Andaluc\u00eda, Sua Eccellenza la Sra. Catalina Garc\u00eda Carrasco<\/li><li>Parole del Consiglio Provinciale di Huelva, Sua Eccellenza il Sig. David Toscano Contreras, (presenza in attesa di conferma)<\/li><li>Parole del Direttore della Business Unit di Caja Rural del Sur, Sig. Manuel Perez Barrera<\/li><li>Parole del Presidente di Eurocastanea, Sr. Bertrand Guerin<\/li><li>Benvenuto alla citt\u00e0 di Aracena da parte del suo sindaco, Sig. Manuel Guerra Gonz\u00e1lez.<\/li><\/ul>\t\t\t\t\t\t\t\t<\/div>\n\t\t\t\t<\/div>\n\t\t\t\t<div class=\"elementor-element elementor-element-413c80b elementor-widget elementor-widget-text-editor\" data-id=\"413c80b\" data-element_type=\"widget\" data-widget_type=\"text-editor.default\">\n\t\t\t\t<div class=\"elementor-widget-container\">\n\t\t\t\t\t\t\t\t\t<p><strong>10:00 - 10:30  Conferenza inaugurale<\/strong><\/p><ul><li>\u201cIl valore dei servizi ambientali derivati dal  ecosistema del castagno; mercati di CO2\u201d Fernando Rodr\u00edguez L\u00f3pez. Universit\u00e0 di Salamanca.<\/li><\/ul><p><strong>Argomento A. Andalusia, il castagno nell'Europa meridionale<\/strong><\/p>\t\t\t\t\t\t\t\t<\/div>\n\t\t\t\t<\/div>\n\t\t\t\t<div class=\"elementor-element elementor-element-f7bfe6b elementor-widget elementor-widget-text-editor\" data-id=\"f7bfe6b\" data-element_type=\"widget\" data-widget_type=\"text-editor.default\">\n\t\t\t\t<div class=\"elementor-widget-container\">\n\t\t\t\t\t\t\t\t\t<p><strong>10:30 - 11:00 Il casta\u00f1o andaluso<\/strong><\/p><ul><li>Il castagneto di Malaga: prospettive future. Francisco Boza, Responsabile del Settore della Castagna, COAG M\u00e1laga (Spagna)<\/li><li>La castagna di Huelva Prospettive future, Arturo Mart\u00ednez Ronda, Presidente di Casta\u00f1era Serrana, Societ\u00e0 Cooperativa Andalusa , Huelva ( Spagna )<\/li><\/ul>\t\t\t\t\t\t\t\t<\/div>\n\t\t\t\t<\/div>\n\t\t\t\t<div class=\"elementor-element elementor-element-8f71ead elementor-widget elementor-widget-text-editor\" data-id=\"8f71ead\" data-element_type=\"widget\" data-widget_type=\"text-editor.default\">\n\t\t\t\t<div class=\"elementor-widget-container\">\n\t\t\t\t\t\t\t\t\t<p><strong>11:00- 11:30 Pausa caff\u00e8<\/strong><\/p><p><strong>Argomento B. Situazione attuale e prospettive per la campagna 2025 in Europa.<\/strong><\/p>\t\t\t\t\t\t\t\t<\/div>\n\t\t\t\t<\/div>\n\t\t\t\t<div class=\"elementor-element elementor-element-6b8abae elementor-widget elementor-widget-text-editor\" data-id=\"6b8abae\" data-element_type=\"widget\" data-widget_type=\"text-editor.default\">\n\t\t\t\t<div class=\"elementor-widget-container\">\n\t\t\t\t\t\t\t\t\t<p><strong>11:30 \u2013 00:30 Il castagneto europeo<\/strong><\/p><p>Tavola rotonda: La prossima stagione castanicola europea, la situazione della coltura in un contesto di cambiamento climatico.<\/p><ul><li>Situazione in Italia: Giovanni Gamba, Unito.<\/li><li>Situazione in Francia Jean-Roland Lavergne, SNPC<\/li><li>Situazione in Portogallo: Maria Jo\u00e3o Gaspar  REFCAST \/ UTAD<\/li><li>Situazione in Grecia: Theodora Patsiavoudi<\/li><li>Situazione in Austria: Johannes Schanti, ARGE Zukunft Edelkastanie<\/li><li>Situazione in Spagna: parlante da definire<\/li><li>Benvenuto alla citt\u00e0 di Aracena da parte del suo sindaco, Sig. Manuel Guerra Gonz\u00e1lez.<\/li><\/ul>\t\t\t\t\t\t\t\t<\/div>\n\t\t\t\t<\/div>\n\t\t\t\t<\/div>\n\t\t<div class=\"elementor-element elementor-element-53a5d1c e-con-full e-flex e-con e-child\" data-id=\"53a5d1c\" data-element_type=\"container\" data-settings=\"{&quot;background_background&quot;:&quot;classic&quot;}\">\n\t\t\t\t<div class=\"elementor-element elementor-element-c38d986 elementor-widget elementor-widget-heading\" data-id=\"c38d986\" data-element_type=\"widget\" data-widget_type=\"heading.default\">\n\t\t\t\t<div class=\"elementor-widget-container\">\n\t\t\t\t\t<h2 class=\"elementor-heading-title elementor-size-default\">Ordine del giorno - PM<\/h2>\t\t\t\t<\/div>\n\t\t\t\t<\/div>\n\t\t\t\t<div class=\"elementor-element elementor-element-a011ff1 elementor-widget elementor-widget-text-editor\" data-id=\"a011ff1\" data-element_type=\"widget\" data-widget_type=\"text-editor.default\">\n\t\t\t\t<div class=\"elementor-widget-container\">\n\t\t\t\t\t\t\t\t\t<p><strong>12:30-12:45 Dibattito<\/strong><\/p><p><strong>Argomento C: Lavorazione e commercializzazione delle castagne<\/strong><\/p>\t\t\t\t\t\t\t\t<\/div>\n\t\t\t\t<\/div>\n\t\t\t\t<div class=\"elementor-element elementor-element-18e06a7 elementor-widget elementor-widget-text-editor\" data-id=\"18e06a7\" data-element_type=\"widget\" data-widget_type=\"text-editor.default\">\n\t\t\t\t<div class=\"elementor-widget-container\">\n\t\t\t\t\t\t\t\t\t<p><strong>12:45 - 13:45 Esperienze significative nella lavorazione e commercializzazione delle castagne.<\/strong><\/p><p>Come valorizzare i territori attraverso la gestione e la trasformazione delle castagne. A livello nazionale e\ninternazionale esperienze<\/p><ul><li>Garantire la qualit\u00e0 e la salubrit\u00e0 delle castagne al dettaglio e al consumo. Giacomo Gatti, Centro di\nSperimentazione Laimburg (Bolzano, Italia).<\/li><li>Tendenze del mercato del Castagno Biologico: l'importanza della sostenibilit\u00e0 per i consumatori. Alvaro Barrera Fern\u00e1ndez, Presidente di Ecovalia (Spagna)<\/li><li>Trasformazione delle castagne locali: quali strumenti per rispondere alle esigenze dei produttori e del mercato? Il caso dell'Ard\u00e8che ( Francia) Michel Grange \u2013 SNPC \u2013 SDCA ( Syndicat de d\u00e9fense de la ch\u00e2taigne ) d'Ard\u00e8che )<\/li><li>Ripensare la castagna: una strategia europea condivisa per la crescita e il posizionamento verso il consumatore. Diana Cataldo y Massimo Iannaccone, Miriade &amp; Partners<\/li><\/ul>\t\t\t\t\t\t\t\t<\/div>\n\t\t\t\t<\/div>\n\t\t\t\t<div class=\"elementor-element elementor-element-d6d56bc elementor-widget elementor-widget-text-editor\" data-id=\"d6d56bc\" data-element_type=\"widget\" data-widget_type=\"text-editor.default\">\n\t\t\t\t<div class=\"elementor-widget-container\">\n\t\t\t\t\t\t\t\t\t<p><strong>13:45-14:00 pm Debate<\/strong><\/p>\t\t\t\t\t\t\t\t<\/div>\n\t\t\t\t<\/div>\n\t\t\t\t<div class=\"elementor-element elementor-element-363395c elementor-widget elementor-widget-text-editor\" data-id=\"363395c\" data-element_type=\"widget\" data-widget_type=\"text-editor.default\">\n\t\t\t\t<div class=\"elementor-widget-container\">\n\t\t\t\t\t\t\t\t\t<p><strong>14:00 - 15:30 Pranzo (Degustazione di prodotti a marchio Parco Naturale).<\/strong><\/p>\t\t\t\t\t\t\t\t<\/div>\n\t\t\t\t<\/div>\n\t\t\t\t<div class=\"elementor-element elementor-element-742aced elementor-widget elementor-widget-text-editor\" data-id=\"742aced\" data-element_type=\"widget\" data-widget_type=\"text-editor.default\">\n\t\t\t\t<div class=\"elementor-widget-container\">\n\t\t\t\t\t\t\t\t\t<p><strong>15:30 \u2013 16:30 Prospettive future per la produzione e la commercializzazione delle castagne in Europa.<\/strong><\/p><ul><li>Presentazione introduttiva. settore europeo della castagna nel contesto di un mercato globale. Jos\u00e9 GomesLaranjo - Universit\u00e0 di Tr\u00e1s-os-Montes e Alto Douro<\/li><li><p>Dibattito \u2013 dialogo\/Tavola rotonda:<br \/>Roc\u00edo Vazquez, Agricola el Com\u00fan SA<br \/>Alcinio Perez, Refcast - Associa\u00e7\u00e3o Portuguesa da CastaRegia Douro Parka<\/p><p>Venditore nazionale - internazionale<\/p><\/li><\/ul>\t\t\t\t\t\t\t\t<\/div>\n\t\t\t\t<\/div>\n\t\t\t\t<div class=\"elementor-element elementor-element-8ac400c elementor-widget elementor-widget-text-editor\" data-id=\"8ac400c\" data-element_type=\"widget\" data-widget_type=\"text-editor.default\">\n\t\t\t\t<div class=\"elementor-widget-container\">\n\t\t\t\t\t\t\t\t\t<p><strong>16:30-17:00 Dibattit<\/strong><\/p>\t\t\t\t\t\t\t\t<\/div>\n\t\t\t\t<\/div>\n\t\t\t\t<div class=\"elementor-element elementor-element-b1314b5 elementor-widget elementor-widget-text-editor\" data-id=\"b1314b5\" data-element_type=\"widget\" data-widget_type=\"text-editor.default\">\n\t\t\t\t<div class=\"elementor-widget-container\">\n\t\t\t\t\t\t\t\t\t<p><strong>17:00 \u2013 19:30 Visita sul campo .<\/strong><\/p><p>Strutture della Casta\u00f1era Serrana SCA e della Cooperativa La Esperanza de Los Marines.<\/p><ul><li>Strutture della Casta\u00f1era Serrana SCA<\/li><li>Aziende pilota di progetti implementati nel PNSAPA.<\/li><li>Aziende agricole con diverse variet\u00e0 locali ( Plantalajar , Helechal , Comisaria , Vazquez) per apprezzare e distinguere la diversit\u00e0 degli alberi e dei frutti.<\/li><li>Durante le visite, dimostrazioni dal vivo: Macchinari, artigianato.<\/li><\/ul>\t\t\t\t\t\t\t\t<\/div>\n\t\t\t\t<\/div>\n\t\t\t\t<div class=\"elementor-element elementor-element-f6919ab elementor-widget elementor-widget-text-editor\" data-id=\"f6919ab\" data-element_type=\"widget\" data-widget_type=\"text-editor.default\">\n\t\t\t\t<div class=\"elementor-widget-container\">\n\t\t\t\t\t\t\t\t\t<p><strong>20:30 Cena (Ristorante El Camino, Almanaster la Real).<\/strong><\/p>\t\t\t\t\t\t\t\t<\/div>\n\t\t\t\t<\/div>\n\t\t\t\t<\/div>\n\t\t\t\t<\/div>\n\t\t\t\t<\/div>\n\t\t<div class=\"elementor-element elementor-element-3268116 e-flex e-con-boxed e-con e-parent\" data-id=\"3268116\" data-element_type=\"container\">\n\t\t\t\t\t<div class=\"e-con-inner\">\n\t\t\t\t<div class=\"elementor-element elementor-element-48f55c7 elementor-widget elementor-widget-heading\" data-id=\"48f55c7\" data-element_type=\"widget\" data-widget_type=\"heading.default\">\n\t\t\t\t<div class=\"elementor-widget-container\">\n\t\t\t\t\t<h2 class=\"elementor-heading-title elementor-size-default\">\u201cPer i partecipanti alla conferenza sar\u00e0 disponibile la traduzione simultanea delle conferenze in spagnolo, inglese, francese, portoghese e italiano\u201d.<\/h2>\t\t\t\t<\/div>\n\t\t\t\t<\/div>\n\t\t\t\t\t<\/div>\n\t\t\t\t<\/div>\n\t\t\t\t<\/div>","protected":false},"excerpt":{"rendered":"<p>Eurocastanea &#8211; xv jornadas europeas de la casta\u00f1a Jueves 11 de septiembre &#8211; Parque Natural Sierra de Aracena y Picos de Aroche Eurocastanea 2025 &#8211; D\u00eda 2 Agenda &#8211; AM 8.30 &#8211; 9.30 a.m. Acreditaci\u00f3n. 9:30 \u2013 10:00 am Apertura del Congreso. Palabras de la Consejera de Sostenibilidad y Medio Ambiente de la Junta de [&hellip;]<\/p>","protected":false},"author":1,"featured_media":0,"parent":0,"menu_order":0,"comment_status":"closed","ping_status":"closed","template":"","meta":{"footnotes":""},"class_list":["post-119","page","type-page","status-publish","hentry"],"_links":{"self":[{"href":"https:\/\/eurocastanea2025andalucia.com\/it\/wp-json\/wp\/v2\/pages\/119","targetHints":{"allow":["GET"]}}],"collection":[{"href":"https:\/\/eurocastanea2025andalucia.com\/it\/wp-json\/wp\/v2\/pages"}],"about":[{"href":"https:\/\/eurocastanea2025andalucia.com\/it\/wp-json\/wp\/v2\/types\/page"}],"author":[{"embeddable":true,"href":"https:\/\/eurocastanea2025andalucia.com\/it\/wp-json\/wp\/v2\/users\/1"}],"replies":[{"embeddable":true,"href":"https:\/\/eurocastanea2025andalucia.com\/it\/wp-json\/wp\/v2\/comments?post=119"}],"version-history":[{"count":70,"href":"https:\/\/eurocastanea2025andalucia.com\/it\/wp-json\/wp\/v2\/pages\/119\/revisions"}],"predecessor-version":[{"id":1170,"href":"https:\/\/eurocastanea2025andalucia.com\/it\/wp-json\/wp\/v2\/pages\/119\/revisions\/1170"}],"wp:attachment":[{"href":"https:\/\/eurocastanea2025andalucia.com\/it\/wp-json\/wp\/v2\/media?parent=119"}],"curies":[{"name":"wp","href":"https:\/\/api.w.org\/{rel}","templated":true}]}}