{"id":667,"date":"2025-05-16T14:02:17","date_gmt":"2025-05-16T12:02:17","guid":{"rendered":"https:\/\/eurocastanea.ekuanimeprojects.com\/?page_id=667"},"modified":"2025-05-19T15:27:52","modified_gmt":"2025-05-19T13:27:52","slug":"politica-de-cookies","status":"publish","type":"page","link":"https:\/\/eurocastanea2025andalucia.com\/en\/politica-de-cookies\/","title":{"rendered":"Cookie Policy"},"content":{"rendered":"<div data-elementor-type=\"wp-page\" data-elementor-id=\"667\" class=\"elementor elementor-667\" data-elementor-post-type=\"page\">\n\t\t\t\t<div class=\"elementor-element elementor-element-1a04e2d e-con-full e-flex e-con e-parent\" data-id=\"1a04e2d\" data-element_type=\"container\">\n\t\t\t\t<div class=\"elementor-element elementor-element-c5f518b elementor-widget elementor-widget-heading\" data-id=\"c5f518b\" data-element_type=\"widget\" data-widget_type=\"heading.default\">\n\t\t\t\t<div class=\"elementor-widget-container\">\n\t\t\t\t\t<h2 class=\"elementor-heading-title elementor-size-default\">Pol\u00edtica de cookies<\/h2>\t\t\t\t<\/div>\n\t\t\t\t<\/div>\n\t\t\t\t<div class=\"elementor-element elementor-element-d652937 elementor-widget elementor-widget-text-editor\" data-id=\"d652937\" data-element_type=\"widget\" data-widget_type=\"text-editor.default\">\n\t\t\t\t<div class=\"elementor-widget-container\">\n\t\t\t\t\t\t\t\t\t<h4><b>1. Identificaci\u00f3n.<\/b><\/h4><p><b>1.1. Casta\u00f1era Serrana SCA.<\/b><span style=\"font-weight: 400;\">; con NIF <strong>\u00a0F-21028733<\/strong><\/span><span style=\"font-weight: 400;\"><strong>; <\/strong>domicilio social en Espa\u00f1a, <\/span><strong>Ctra. de Valdelarco, km. 0,200 21291 &#8211; Galaroza (Huelva)<\/strong><span style=\"font-weight: 400;\">; <strong>656975552<\/strong><\/span><span style=\"font-weight: 400;\">; y correo electr\u00f3nico <\/span><strong><a href=\"mailto:info@cserrana.com\">info@cserrana.com<\/a><\/strong><span style=\"font-weight: 400;\">, es el titular del sitio web ubicado en la direcci\u00f3n de Internet <a href=\"mailto:info@eurocastanea2025andalucia.com\" target=\"_blank\" rel=\"noopener\">eurocastanea2025andalucia.com<\/a><strong><a href=\"https:\/\/eurocastanea2025andalucia.com\/en\/\">\u00a0<\/a><\/strong><\/span><span style=\"font-weight: 400;\">y de sus cuentas en las redes sociales (en adelante, este Sitio Web).<\/span><\/p><p><b>1.2.<\/b><span style=\"font-weight: 400;\"> La persona que acceda a este Sitio Web (en adelante, el Usuario), asegura que tiene capacidad legal para ello.<\/span><\/p><p><b>1.3.<\/b><span style=\"font-weight: 400;\"> Mediante el acceso a este Sitio Web, el Usuario acepta expresamente todas las cl\u00e1usulas de su aviso legal, de su pol\u00edtica de privacidad, de esta pol\u00edtica de cookies, as\u00ed como de todas aquellas condiciones particulares recogidas para la utilizaci\u00f3n de determinados servicios. En caso de no aceptar alguna de las citadas cl\u00e1usulas, el Usuario deber\u00e1 abstenerse de acceder a este Sitio Web.<\/span><\/p><h4><b>2. Cookies.<\/b><\/h4><p><b>2.1.<\/b> Casta\u00f1era Serrana<span style=\"font-weight: 400;\">\u00a0informa al Usuario que este Sitio Web utiliza cookies propias y de terceros para su funcionamiento, y analizar h\u00e1bitos de navegaci\u00f3n.<\/span><\/p><p><b>2.2.<\/b><span style=\"font-weight: 400;\"> Las cookies son archivos de texto que se guardan autom\u00e1ticamente en los equipos (ordenador, m\u00f3vil, tablet, etc\u00e9tera) del Usuario cuando accede a determinadas aplicaciones y p\u00e1ginas de Internet, y cuyas finalidades pueden ser prestar determinados servicios, o almacenar y recuperar informaci\u00f3n sobre los h\u00e1bitos de navegaci\u00f3n de los Usuarios en un sitio web.<\/span><\/p><p><b>2.3.<\/b><span style=\"font-weight: 400;\"> El art\u00edculo 22.2 de la Ley 34\/2002, de 11 de julio, de servicios de la sociedad de la informaci\u00f3n y de comercio electr\u00f3nico (en adelante, LSSI), establece que \u201cLos prestadores de servicios podr\u00e1n utilizar dispositivos de almacenamiento y recuperaci\u00f3n de datos en equipos terminales de los destinatarios, a condici\u00f3n de que los mismos hayan dado su consentimiento despu\u00e9s de que se les haya facilitado informaci\u00f3n clara y completa sobre su utilizaci\u00f3n, en particular, sobre los fines del tratamiento de los datos, con arreglo a lo dispuesto en la Ley Org\u00e1nica 15\/1999, de 13 de diciembre, de Protecci\u00f3n de Datos de Car\u00e1cter Personal. Cuando sea t\u00e9cnicamente posible y eficaz, el consentimiento del destinatario para aceptar el tratamiento de los datos podr\u00e1 facilitarse mediante el uso de los par\u00e1metros adecuados del navegador o de otras aplicaciones, siempre que aqu\u00e9l deba proceder a su configuraci\u00f3n durante su instalaci\u00f3n o actualizaci\u00f3n mediante una acci\u00f3n expresa a tal efecto. Lo anterior no impedir\u00e1 el posible almacenamiento o acceso de \u00edndole t\u00e9cnica al solo fin de efectuar la transmisi\u00f3n de una comunicaci\u00f3n por una red de comunicaciones electr\u00f3nicas o, en la medida que resulte estrictamente necesario, para la prestaci\u00f3n de un servicio de la sociedad de la informaci\u00f3n expresamente solicitado por el destinatario\u201d.<\/span><\/p><p><b>2.4.<\/b><span style=\"font-weight: 400;\"> Mediante el acceso a este Sitio Web, el Usuario acepta expresamente el uso de las cookies aqu\u00ed descritas. En caso de no aceptar alguna de las citadas cookies, el Usuario deber\u00e1 abstenerse de acceder a este Sitio Web.<\/span><\/p><p><b>2.5.<\/b> Casta\u00f1era Serrana<span style=\"font-weight: 400;\">\u00a0se reserva el derecho de utilizar nuevas cookies o dejar de utilizar las existentes, por lo que corresponde al Usuario la revisi\u00f3n de \u00e9stas antes de acceder a este Sitio Web.<\/span><\/p><h4><b>3. Tipos.<\/b><\/h4><p><b>3.1.<\/b><span style=\"font-weight: 400;\"> Seg\u00fan su finalidad las cookies pueden ser t\u00e9cnicas, que permiten a los Usuarios la navegaci\u00f3n a trav\u00e9s de un sitio web, y la utilizaci\u00f3n de las diferentes opciones o servicios que en \u00e9ste existan, como identificar la sesi\u00f3n, acceder a partes de acceso restringido, realizar la solicitud de inscripci\u00f3n o participaci\u00f3n en un evento, utilizar elementos de seguridad durante la navegaci\u00f3n, almacenar contenidos para la difusi\u00f3n de videos o sonido, o compartir contenidos a trav\u00e9s de redes sociales; de personalizaci\u00f3n, que permiten a los Usuarios acceder un sitio web con algunas caracter\u00edsticas de car\u00e1cter general predefinidas en funci\u00f3n de una serie de criterios del terminal de los Usuarios, como el idioma, el tipo de navegador a trav\u00e9s del cual accede al servicio, o la configuraci\u00f3n regional desde donde accede al servicio; de an\u00e1lisis, que permiten al responsable de las mismas el seguimiento y an\u00e1lisis del comportamiento de los Usuarios en los sitios web a los que est\u00e1n vinculadas (la informaci\u00f3n recogida mediante este tipo de cookies se utiliza en la medici\u00f3n de la actividad de los sitios web, y para la elaboraci\u00f3n de perfiles de navegaci\u00f3n de los Usuarios de dichos sitios, con el fin de introducir mejoras en funci\u00f3n del an\u00e1lisis de los datos de uso que hacen los Usuarios del servicio); publicitarias, que permiten la gesti\u00f3n de los espacios publicitarios incluidos en un sitio web en base a criterios como el contenido editado o la frecuencia en la que se muestran los anuncios; o de publicidad comportamental, que permiten la gesti\u00f3n de los espacios publicitarios que se hayan incluido en un sitio web (estas cookies almacenan informaci\u00f3n del comportamiento de los Usuarios obtenida a trav\u00e9s de la observaci\u00f3n continuada de sus h\u00e1bitos de navegaci\u00f3n, lo que permite desarrollar un perfil espec\u00edfico para mostrar publicidad en funci\u00f3n del mismo).<\/span><\/p><p><b>3.2.<\/b><span style=\"font-weight: 400;\"> Seg\u00fan sea qui\u00e9n las env\u00ede, gestione y trate los datos que se obtengan, las cookies pueden ser propias, que son gestionadas por el propietario del sitio web; y de terceros, que son gestionadas por otra entidad.<\/span><\/p><p><b>3.3.<\/b><span style=\"font-weight: 400;\"> Seg\u00fan el plazo de tiempo que permanecen activadas en el equipo de los Usuarios, las cookies pueden ser de sesi\u00f3n, que est\u00e1n dise\u00f1adas para recabar y almacenar datos mientras los Usuarios acceden a un sitio web; y persistentes, que permiten que los datos sean almacenados, accedidos y tratados en el terminal de los Usuarios durante un periodo definido por el responsable de la cookie, que puede ir de unos minutos a varios a\u00f1os.<\/span><\/p><p><b>3.4.<\/b><span style=\"font-weight: 400;\"> Las cookies de entrada de los Usuarios, de autenticaci\u00f3n o identificaci\u00f3n de los Usuarios, de seguridad de los Usuarios, de sesi\u00f3n de reproductor multimedia, de sesi\u00f3n para equilibrar la carga, de personalizaci\u00f3n de la interfaz de los Usuarios, o de complemento para intercambiar contenidos sociales; est\u00e1n exoneradas de cumplir el art\u00edculo 22.2 de la LSSI.<\/span><\/p><h4><b>4. Cookies utilizadas en este Sitio Web.<\/b><\/h4><p><b>4.1.<\/b><span style=\"font-weight: 400;\"> Tabla de cookies utilizadas en este Sitio Web:<\/span><\/p><table><tbody><tr><td><p><b>Name<\/b><\/p><\/td><td><p><b>Servicio<\/b><\/p><\/td><td><p><b>Finalidad<\/b><\/p><\/td><td><p><b>Tipo<\/b><\/p><\/td><td><p><b>Dominio<\/b><\/p><\/td><td><p><b>Duraci\u00f3n<\/b><\/p><\/td><td><p><b>M\u00e1s informaci\u00f3n<\/b><\/p><\/td><\/tr><tr><td><p><span style=\"font-weight: 400;\">__utma<\/span><\/p><\/td><td><p><span style=\"font-weight: 400;\">Google Analytics<\/span><\/p><\/td><td><p><span style=\"font-weight: 400;\">Se usa para distinguir Usuarios y sesiones. La cookie se crea cuando se ejecuta la biblioteca JavaScript y no hay ninguna cookie __utma. La cookie se actualiza cada vez que se env\u00edan datos a Google Analytics<\/span><\/p><\/td><td><p><span style=\"font-weight: 400;\">An\u00e1lisis<\/span><\/p><\/td><td><p><span style=\"font-weight: 400;\">Propia y de tercero (Google Inc.)<\/span><\/p><\/td><td><p><span style=\"font-weight: 400;\">Dos a\u00f1os a partir de la configuraci\u00f3n o actualizaci\u00f3n<\/span><\/p><\/td><td><p><a href=\"https:\/\/developers.google.com\/analytics\/devguides\/collection\/analyticsjs\/cookie-usage\"><span style=\"font-weight: 400;\">Pulse aqu\u00ed<\/span><\/a><\/p><\/td><\/tr><tr><td><p><span style=\"font-weight: 400;\">__utmb<\/span><\/p><\/td><td><p><span style=\"font-weight: 400;\">Google Analytics<\/span><\/p><\/td><td><p><span style=\"font-weight: 400;\">Se usa para determinar nuevas sesiones o visitas. La cookie se crea cuando se ejecuta la biblioteca JavaScript y no hay ninguna cookie __utmb. La cookie se actualiza cada vez que se env\u00edan datos a Google Analytics<\/span><\/p><\/td><td><p><span style=\"font-weight: 400;\">An\u00e1lisis<\/span><\/p><\/td><td><p><span style=\"font-weight: 400;\">Propia y de tercero (Google Inc.)<\/span><\/p><\/td><td><p><span style=\"font-weight: 400;\">30 minutos a partir de la configuraci\u00f3n o actualizaci\u00f3n<\/span><\/p><\/td><td><p><a href=\"https:\/\/developers.google.com\/analytics\/devguides\/collection\/analyticsjs\/cookie-usage\"><span style=\"font-weight: 400;\">Pulse aqu\u00ed<\/span><\/a><\/p><\/td><\/tr><tr><td><p><span style=\"font-weight: 400;\">__utmc<\/span><\/p><\/td><td><p><span style=\"font-weight: 400;\">Google Analytics<\/span><\/p><\/td><td><p><span style=\"font-weight: 400;\">No se usa en ga.js. Se configura para interactuar con urchin.js. Anteriormente, esta cookie actuaba junto con la cookie __utmb para determinar si el Usuario estaba en una nueva sesi\u00f3n o visita<\/span><\/p><\/td><td><p><span style=\"font-weight: 400;\">An\u00e1lisis<\/span><\/p><\/td><td><p><span style=\"font-weight: 400;\">Propia y de tercero (Google Inc.)<\/span><\/p><\/td><td><p><span style=\"font-weight: 400;\">Fin de la sesi\u00f3n del navegador<\/span><\/p><\/td><td><p><a href=\"https:\/\/developers.google.com\/analytics\/devguides\/collection\/analyticsjs\/cookie-usage\"><span style=\"font-weight: 400;\">Pulse aqu\u00ed<\/span><\/a><\/p><\/td><\/tr><tr><td><p><span style=\"font-weight: 400;\">__utmz<\/span><\/p><\/td><td><p><span style=\"font-weight: 400;\">Google Analytics<\/span><\/p><\/td><td><p><span style=\"font-weight: 400;\">Almacena la fuente de tr\u00e1fico o la campa\u00f1a que explica c\u00f3mo ha llegado el Usuario al sitio. La cookie se crea cuando se ejecuta la biblioteca JavaScript y se actualiza cada vez que se env\u00edan datos a Google Analytics<\/span><\/p><\/td><td><p><span style=\"font-weight: 400;\">An\u00e1lisis<\/span><\/p><\/td><td><p><span style=\"font-weight: 400;\">Propia y de tercero (Google Inc.)<\/span><\/p><\/td><td><p><span style=\"font-weight: 400;\">Seis meses a partir de la configuraci\u00f3n o actualizaci\u00f3n<\/span><\/p><\/td><td><p><a href=\"https:\/\/developers.google.com\/analytics\/devguides\/collection\/analyticsjs\/cookie-usage\"><span style=\"font-weight: 400;\">Pulse aqu\u00ed<\/span><\/a><\/p><\/td><\/tr><tr><td><p><span style=\"font-weight: 400;\">__utmv<\/span><\/p><\/td><td><p><span style=\"font-weight: 400;\">Google Analytics<\/span><\/p><\/td><td><p><span style=\"font-weight: 400;\">Se usa para almacenar datos de variables personalizadas de visitante. Esta cookie se crea cuando un programador usa el m\u00e9todo _setCustomVar con una variable personalizada de visitante. Tambi\u00e9n se usaba para el m\u00e9todo _setVar obsoleto. La cookie se actualiza cada vez que se env\u00edan datos a Google Analytics<\/span><\/p><\/td><td><p><span style=\"font-weight: 400;\">An\u00e1lisis<\/span><\/p><\/td><td><p><span style=\"font-weight: 400;\">Propia y de tercero (Google Inc.)<\/span><\/p><\/td><td><p><span style=\"font-weight: 400;\">Dos a\u00f1os a partir de la configuraci\u00f3n o actualizaci\u00f3n<\/span><\/p><\/td><td><p><a href=\"https:\/\/developers.google.com\/analytics\/devguides\/collection\/analyticsjs\/cookie-usage\"><span style=\"font-weight: 400;\">Pulse aqu\u00ed<\/span><\/a><\/p><\/td><\/tr><tr><td><p><span style=\"font-weight: 400;\">viewed_cookie_policy<\/span><\/p><\/td><td><p><span style=\"font-weight: 400;\">EU Cookie Law Info<\/span><\/p><\/td><td><p><span style=\"font-weight: 400;\">Recordar opci\u00f3n de aceptaci\u00f3n de cookies<\/span><\/p><\/td><td><p><span style=\"font-weight: 400;\">T\u00e9cnica<\/span><\/p><\/td><td><p><span style=\"font-weight: 400;\">Propia<\/span><\/p><\/td><td><p><span style=\"font-weight: 400;\">Un a\u00f1o<\/span><\/p><\/td><td><p><a href=\"http:\/\/www.cookielawinfo.com\/\"><span style=\"font-weight: 400;\">Pulse aqu\u00ed<\/span><\/a><\/p><\/td><\/tr><\/tbody><\/table><p><b>4.2.<\/b><span style=\"font-weight: 400;\"> Dadas las caracter\u00edsticas de Internet, Casta\u00f1era Serrana<\/span><span style=\"font-weight: 400;\">\u00a0no siempre cuenta con informaci\u00f3n de las cookies que colocan terceras partes.<\/span><\/p><p><b>4.3.<\/b><span style=\"font-weight: 400;\"> En el caso de que el Usuario detecte cookies en este Sitio Web que no est\u00e9n aqu\u00ed descritas, debe comunicarlo a Casta\u00f1era Serrana<\/span><span style=\"font-weight: 400;\">\u00a0a trav\u00e9s del apartado contactar.<\/span><\/p><h4><b>5. Modificar la configuraci\u00f3n de las cookies.<\/b><\/h4><p><b>5.1.<\/b><span style=\"font-weight: 400;\"> El Usuario puede permitir, bloquear o eliminar las cookies instaladas en su equipo mediante la configuraci\u00f3n de las opciones de su navegador.<\/span><\/p><ul><li style=\"font-weight: 400;\" aria-level=\"1\"><a href=\"https:\/\/support.google.com\/chrome\/answer\/95647?hl=%22es%22\"><span style=\"font-weight: 400;\">M\u00e1s informaci\u00f3n sobre Chrome<\/span><\/a><span style=\"font-weight: 400;\">.<\/span><\/li><li style=\"font-weight: 400;\" aria-level=\"1\"><a href=\"https:\/\/support.mozilla.org\/es\/kb\/Borrar%20cookies\"><span style=\"font-weight: 400;\">M\u00e1s informaci\u00f3n sobre FireFox.<\/span><\/a><\/li><li style=\"font-weight: 400;\" aria-level=\"1\"><a href=\"http:\/\/windows.microsoft.com\/es-xl\/internet-explorer\/delete-manage-cookies#ie=%22ie-10%22%20t\"><span style=\"font-weight: 400;\">M\u00e1s informaci\u00f3n sobre Internet Explorer<\/span><\/a><span style=\"font-weight: 400;\">.<\/span><\/li><li style=\"font-weight: 400;\" aria-level=\"1\"><a href=\"https:\/\/www.apple.com\/es\/privacy\/use-of-cookies\/\"><span style=\"font-weight: 400;\">M\u00e1s informaci\u00f3n sobre Safari.<\/span><\/a><\/li><li style=\"font-weight: 400;\" aria-level=\"1\"><a href=\"http:\/\/help.opera.com\/Windows\/11.50\/es-ES\/cookies.html\"><span style=\"font-weight: 400;\">M\u00e1s informaci\u00f3n sobre Opera.<\/span><\/a><\/li><\/ul><p><b>5.2.<\/b><span style=\"font-weight: 400;\"> Para obtener un complemento de inhabilitaci\u00f3n de Google Analytics para navegadores pulse <\/span><a href=\"https:\/\/tools.google.com\/dlpage\/gaoptout?hl=es\"><span style=\"font-weight: 400;\">aqu\u00ed<\/span><\/a><span style=\"font-weight: 400;\">.<\/span><\/p><h4><b>6. Gu\u00eda sobre el uso de las cookies.<\/b><\/h4><p><b>6.1.<\/b><span style=\"font-weight: 400;\"> Para obtener la gu\u00eda sobre el uso de las cookies elaborada por la Agencia Espa\u00f1ola de Protecci\u00f3n de Datos pulse <\/span><a href=\"http:\/\/www.agpd.es\/portalwebAGPD\/canaldocumentacion\/publicaciones\/common\/Guias\/Guia_Cookies.pdf\"><span style=\"font-weight: 400;\">aqu\u00ed<\/span><\/a><span style=\"font-weight: 400;\">.<\/span><\/p>\t\t\t\t\t\t\t\t<\/div>\n\t\t\t\t<\/div>\n\t\t\t\t<\/div>\n\t\t\t\t<\/div>","protected":false},"excerpt":{"rendered":"<p>Pol\u00edtica de cookies 1. Identificaci\u00f3n. 1.1. Casta\u00f1era Serrana SCA.; con NIF \u00a0F-21028733; domicilio social en Espa\u00f1a, Ctra. de Valdelarco, km. 0,200 21291 &#8211; Galaroza (Huelva); 656975552; y correo electr\u00f3nico info@cserrana.com, es el titular del sitio web ubicado en la direcci\u00f3n de Internet eurocastanea2025andalucia.com\u00a0y de sus cuentas en las redes sociales (en adelante, este Sitio Web). [&hellip;]<\/p>","protected":false},"author":1,"featured_media":0,"parent":0,"menu_order":0,"comment_status":"closed","ping_status":"closed","template":"","meta":{"footnotes":""},"class_list":["post-667","page","type-page","status-publish","hentry"],"_links":{"self":[{"href":"https:\/\/eurocastanea2025andalucia.com\/en\/wp-json\/wp\/v2\/pages\/667","targetHints":{"allow":["GET"]}}],"collection":[{"href":"https:\/\/eurocastanea2025andalucia.com\/en\/wp-json\/wp\/v2\/pages"}],"about":[{"href":"https:\/\/eurocastanea2025andalucia.com\/en\/wp-json\/wp\/v2\/types\/page"}],"author":[{"embeddable":true,"href":"https:\/\/eurocastanea2025andalucia.com\/en\/wp-json\/wp\/v2\/users\/1"}],"replies":[{"embeddable":true,"href":"https:\/\/eurocastanea2025andalucia.com\/en\/wp-json\/wp\/v2\/comments?post=667"}],"version-history":[{"count":10,"href":"https:\/\/eurocastanea2025andalucia.com\/en\/wp-json\/wp\/v2\/pages\/667\/revisions"}],"predecessor-version":[{"id":729,"href":"https:\/\/eurocastanea2025andalucia.com\/en\/wp-json\/wp\/v2\/pages\/667\/revisions\/729"}],"wp:attachment":[{"href":"https:\/\/eurocastanea2025andalucia.com\/en\/wp-json\/wp\/v2\/media?parent=667"}],"curies":[{"name":"wp","href":"https:\/\/api.w.org\/{rel}","templated":true}]}}