{"id":358,"date":"2025-04-25T09:07:53","date_gmt":"2025-04-25T07:07:53","guid":{"rendered":"https:\/\/eurocastanea.ekuanimeprojects.com\/?page_id=358"},"modified":"2025-05-21T16:14:01","modified_gmt":"2025-05-21T14:14:01","slug":"eurocastanea","status":"publish","type":"page","link":"https:\/\/eurocastanea2025andalucia.com\/en\/eurocastanea\/","title":{"rendered":"Eurocastanea"},"content":{"rendered":"<div data-elementor-type=\"wp-page\" data-elementor-id=\"358\" class=\"elementor elementor-358\" data-elementor-post-type=\"page\">\n\t\t\t\t<div class=\"elementor-element elementor-element-1ff5a1f e-con-full e-flex e-con e-parent\" data-id=\"1ff5a1f\" data-element_type=\"container\" data-settings=\"{&quot;background_background&quot;:&quot;classic&quot;}\">\n\t\t<div class=\"elementor-element elementor-element-f6ab4b6 e-con-full e-flex e-con e-child\" data-id=\"f6ab4b6\" data-element_type=\"container\">\n\t\t\t\t<div class=\"elementor-element elementor-element-5707477 elementor-widget elementor-widget-heading\" data-id=\"5707477\" data-element_type=\"widget\" data-widget_type=\"heading.default\">\n\t\t\t\t<div class=\"elementor-widget-container\">\n\t\t\t\t\t<h2 class=\"elementor-heading-title elementor-size-default\">Eurocastanea<\/h2>\t\t\t\t<\/div>\n\t\t\t\t<\/div>\n\t\t\t\t<\/div>\n\t\t<div class=\"elementor-element elementor-element-d0d7763 e-con-full e-flex e-con e-child\" data-id=\"d0d7763\" data-element_type=\"container\">\n\t\t\t\t<\/div>\n\t\t\t\t<\/div>\n\t\t<div class=\"elementor-element elementor-element-5126c32 e-con-full e-flex e-con e-parent\" data-id=\"5126c32\" data-element_type=\"container\" id=\"parque\">\n\t\t\t\t<div class=\"elementor-element elementor-element-b9a988f elementor-widget elementor-widget-heading\" data-id=\"b9a988f\" data-element_type=\"widget\" data-widget_type=\"heading.default\">\n\t\t\t\t<div class=\"elementor-widget-container\">\n\t\t\t\t\t<h2 class=\"elementor-heading-title elementor-size-default\">What is Eurocastanea?<\/h2>\t\t\t\t<\/div>\n\t\t\t\t<\/div>\n\t\t<div class=\"elementor-element elementor-element-355ec17 e-flex e-con-boxed e-con e-child\" data-id=\"355ec17\" data-element_type=\"container\">\n\t\t\t\t\t<div class=\"e-con-inner\">\n\t\t<div class=\"elementor-element elementor-element-0e5424e e-con-full e-flex e-con e-child\" data-id=\"0e5424e\" data-element_type=\"container\" data-settings=\"{&quot;background_background&quot;:&quot;classic&quot;}\">\n\t\t\t\t<div class=\"elementor-element elementor-element-b7583c8 elementor-widget elementor-widget-text-editor\" data-id=\"b7583c8\" data-element_type=\"widget\" data-widget_type=\"text-editor.default\">\n\t\t\t\t<div class=\"elementor-widget-container\">\n\t\t\t\t\t\t\t\t\t<p>EUROCASTANEA is the European Chestnut Network and aims to promote dialogue, cooperation and joint actions between the actors of the European chestnut industry. Specifically, it has the following objectives:<\/p>\t\t\t\t\t\t\t\t<\/div>\n\t\t\t\t<\/div>\n\t\t\t\t<div class=\"elementor-element elementor-element-f3e530f elementor-align-left elementor-icon-list--layout-traditional elementor-list-item-link-full_width elementor-widget elementor-widget-icon-list\" data-id=\"f3e530f\" data-element_type=\"widget\" data-widget_type=\"icon-list.default\">\n\t\t\t\t<div class=\"elementor-widget-container\">\n\t\t\t\t\t\t\t<ul class=\"elementor-icon-list-items\">\n\t\t\t\t\t\t\t<li class=\"elementor-icon-list-item\">\n\t\t\t\t\t\t\t\t\t\t\t<span class=\"elementor-icon-list-icon\">\n\t\t\t\t\t\t\t<svg aria-hidden=\"true\" class=\"e-font-icon-svg e-fas-dot-circle\" viewbox=\"0 0 512 512\" xmlns=\"http:\/\/www.w3.org\/2000\/svg\"><path d=\"M256 8C119.033 8 8 119.033 8 256s111.033 248 248 248 248-111.033 248-248S392.967 8 256 8zm80 248c0 44.112-35.888 80-80 80s-80-35.888-80-80 35.888-80 80-80 80 35.888 80 80z\"><\/path><\/svg>\t\t\t\t\t\t<\/span>\n\t\t\t\t\t\t\t\t\t\t<span class=\"elementor-icon-list-text\">To represent, defend and promote the common interests of the European chestnut industry;<\/span>\n\t\t\t\t\t\t\t\t\t<\/li>\n\t\t\t\t\t\t\t\t<li class=\"elementor-icon-list-item\">\n\t\t\t\t\t\t\t\t\t\t\t<span class=\"elementor-icon-list-icon\">\n\t\t\t\t\t\t\t<svg aria-hidden=\"true\" class=\"e-font-icon-svg e-fas-dot-circle\" viewbox=\"0 0 512 512\" xmlns=\"http:\/\/www.w3.org\/2000\/svg\"><path d=\"M256 8C119.033 8 8 119.033 8 256s111.033 248 248 248 248-111.033 248-248S392.967 8 256 8zm80 248c0 44.112-35.888 80-80 80s-80-35.888-80-80 35.888-80 80-80 80 35.888 80 80z\"><\/path><\/svg>\t\t\t\t\t\t<\/span>\n\t\t\t\t\t\t\t\t\t\t<span class=\"elementor-icon-list-text\">Contribute to the development of the European chestnut grove; <\/span>\n\t\t\t\t\t\t\t\t\t<\/li>\n\t\t\t\t\t\t\t\t<li class=\"elementor-icon-list-item\">\n\t\t\t\t\t\t\t\t\t\t\t<span class=\"elementor-icon-list-icon\">\n\t\t\t\t\t\t\t<svg aria-hidden=\"true\" class=\"e-font-icon-svg e-fas-dot-circle\" viewbox=\"0 0 512 512\" xmlns=\"http:\/\/www.w3.org\/2000\/svg\"><path d=\"M256 8C119.033 8 8 119.033 8 256s111.033 248 248 248 248-111.033 248-248S392.967 8 256 8zm80 248c0 44.112-35.888 80-80 80s-80-35.888-80-80 35.888-80 80-80 80 35.888 80 80z\"><\/path><\/svg>\t\t\t\t\t\t<\/span>\n\t\t\t\t\t\t\t\t\t\t<span class=\"elementor-icon-list-text\">Work to promote the consumption of European chestnuts; <\/span>\n\t\t\t\t\t\t\t\t\t<\/li>\n\t\t\t\t\t\t<\/ul>\n\t\t\t\t\t\t<\/div>\n\t\t\t\t<\/div>\n\t\t\t\t<div class=\"elementor-element elementor-element-9fd062d elementor-widget elementor-widget-text-editor\" data-id=\"9fd062d\" data-element_type=\"widget\" data-widget_type=\"text-editor.default\">\n\t\t\t\t<div class=\"elementor-widget-container\">\n\t\t\t\t\t\t\t\t\t<p>The Chestnut State Network has been part of Eurocastanea since its foundation and the Andalusian Chestnut Platform is represented in it, among other representative organisations of the chestnut sector in Spain such as: Proagrosilga, the Chestnut Round Table of Bierzo or the Chestnut Round Table of Extremadura.<\/p>\t\t\t\t\t\t\t\t<\/div>\n\t\t\t\t<\/div>\n\t\t\t\t<div class=\"elementor-element elementor-element-f3525c2 elementor-widget elementor-widget-text-editor\" data-id=\"f3525c2\" data-element_type=\"widget\" data-widget_type=\"text-editor.default\">\n\t\t\t\t<div class=\"elementor-widget-container\">\n\t\t\t\t\t\t\t\t\t<p class=\"translation-block\"><strong>Chestnut cultivation<\/strong> contributes elements of identity to the rural areas that have embraced and nurtured it. The knowledge and wisdom of men and women have left behind traces that deserve to be valued, such as <strong>craftsmanship, customs and traditions<\/strong>, festivals, and gastronomy. The \u201capa\u00f1aoras\u201d represent a feminine universe that enriches <strong>the chestnut grove<\/strong>, and the landscape offers a palette of colors enjoyed through <strong>tourism and leisure<\/strong>. All of this deserves to be recognized and supported by both institutions and society.<\/p>\t\t\t\t\t\t\t\t<\/div>\n\t\t\t\t<\/div>\n\t\t\t\t<\/div>\n\t\t<div class=\"elementor-element elementor-element-870fc1a e-con-full e-flex e-con e-child\" data-id=\"870fc1a\" data-element_type=\"container\" data-settings=\"{&quot;background_background&quot;:&quot;classic&quot;}\">\n\t\t\t\t<div class=\"elementor-element elementor-element-0e71c1f elementor-widget elementor-widget-spacer\" data-id=\"0e71c1f\" data-element_type=\"widget\" data-widget_type=\"spacer.default\">\n\t\t\t\t<div class=\"elementor-widget-container\">\n\t\t\t\t\t\t\t<div class=\"elementor-spacer\">\n\t\t\t<div class=\"elementor-spacer-inner\"><\/div>\n\t\t<\/div>\n\t\t\t\t\t\t<\/div>\n\t\t\t\t<\/div>\n\t\t\t\t<\/div>\n\t\t\t\t\t<\/div>\n\t\t\t\t<\/div>\n\t\t\t\t<\/div>\n\t\t<div class=\"elementor-element elementor-element-b70fa07 e-con-full e-flex e-con e-parent\" data-id=\"b70fa07\" data-element_type=\"container\">\n\t\t\t\t<div class=\"elementor-element elementor-element-ced9496 elementor-widget elementor-widget-heading\" data-id=\"ced9496\" data-element_type=\"widget\" data-widget_type=\"heading.default\">\n\t\t\t\t<div class=\"elementor-widget-container\">\n\t\t\t\t\t<h2 class=\"elementor-heading-title elementor-size-default\">A strategy to relaunch the European sector<\/h2>\t\t\t\t<\/div>\n\t\t\t\t<\/div>\n\t\t<div class=\"elementor-element elementor-element-fb85c53 e-con-full e-flex e-con e-child\" data-id=\"fb85c53\" data-element_type=\"container\">\n\t\t<div class=\"elementor-element elementor-element-2f0f7c3 e-con-full e-flex e-con e-child\" data-id=\"2f0f7c3\" data-element_type=\"container\" data-settings=\"{&quot;background_background&quot;:&quot;classic&quot;}\">\n\t\t\t\t<div class=\"elementor-element elementor-element-b4ddc4c elementor-widget elementor-widget-heading\" data-id=\"b4ddc4c\" data-element_type=\"widget\" data-widget_type=\"heading.default\">\n\t\t\t\t<div class=\"elementor-widget-container\">\n\t\t\t\t\t<h2 class=\"elementor-heading-title elementor-size-default\">Axis 1: halting the decline of the European chestnut grove.\n<\/h2>\t\t\t\t<\/div>\n\t\t\t\t<\/div>\n\t\t\t\t<div class=\"elementor-element elementor-element-99ed120 elementor-widget elementor-widget-text-editor\" data-id=\"99ed120\" data-element_type=\"widget\" data-widget_type=\"text-editor.default\">\n\t\t\t\t<div class=\"elementor-widget-container\">\n\t\t\t\t\t\t\t\t\t<p>The sector's main objective is to provide the means to quickly reverse the downward trend in European chestnut production, in order to recover the production level of the 1960s (400,000 tons) through energetic, proactive, and coordinated action among the EUROCASTANEA countries. The European chestnut market is severely deficient; demand for chestnuts is extremely high, both for fresh and processed products, yet production does not meet this demand. To maintain the production level of the year 2000, professionals are convinced of the importance of implementing, in a deliberate and concerted manner, a planting program of 40,000 hectares over the next 10 years.<\/p><p><strong>This requires:<\/strong><\/p><p>\u2013 A collective professional and interprofessional dynamic in chestnut-producing countries.<\/p><p>\u2013 Strong support from national and regional public authorities to design financial policies to support new investments in plantations and other levels of the sector.<\/p><p>\u2013 Renew chestnut orchards with regional and national planting programs.<\/p><p>\u2013 Support for planting programs for new orchards of hybrid and traditional varieties.<\/p><p>\u2013 Support grafting programs.<\/p><p>\u2013 Relaunching genetic improvement programs for varieties and rootstocks.<\/p><p>\u2013 Assist in the renovation of old traditional gardens: weeding, pruning, replanting, etc.<\/p><p>\u2013 Develop second-pillar measures through agri-environmental measures (AEM) tailored to chestnut groves (by country or region) to offset the natural disadvantage of this production, whose contribution to environmental preservation is undeniable.<\/p>\t\t\t\t\t\t\t\t<\/div>\n\t\t\t\t<\/div>\n\t\t\t\t<\/div>\n\t\t<div class=\"elementor-element elementor-element-e7c5b1c e-con-full e-flex e-con e-child\" data-id=\"e7c5b1c\" data-element_type=\"container\" data-settings=\"{&quot;background_background&quot;:&quot;classic&quot;}\">\n\t\t\t\t<div class=\"elementor-element elementor-element-e938f24 elementor-widget elementor-widget-heading\" data-id=\"e938f24\" data-element_type=\"widget\" data-widget_type=\"heading.default\">\n\t\t\t\t<div class=\"elementor-widget-container\">\n\t\t\t\t\t<h2 class=\"elementor-heading-title elementor-size-default\">Axis 2: improve the health of the orchards<\/h2>\t\t\t\t<\/div>\n\t\t\t\t<\/div>\n\t\t\t\t<div class=\"elementor-element elementor-element-e4569fd elementor-widget elementor-widget-text-editor\" data-id=\"e4569fd\" data-element_type=\"widget\" data-widget_type=\"text-editor.default\">\n\t\t\t\t<div class=\"elementor-widget-container\">\n\t\t\t\t\t\t\t\t\t<p><strong>The objective: to produce quality fruit.<\/strong><\/p><p>European production is severely impacted by the persistence of fungal diseases and pests for which there is no effective control method. These are the main challenges facing the entire European chestnut sector:<\/p><p><strong>The fight against diseases and pests, in particular the following:<\/strong><\/p><p>\u2013 The gall wasp (Dryocosmus kuriphillus): It is necessary to continue working on its control (through biological control with the introduction of Torymus sinensis, through monitoring varietal sensitivities, and also through monitoring its evolution, both as a pest and as a parasitoid).<\/p><p>\u2013 Fruit rot and worms: It is important to emphasize research and control efforts to improve orchard health. The goal is to limit losses from twisted fruit (caused by Cydia sp. and Curculio elephas) \u200b\u200bor fruit affected by rot (particularly due to Gnomoniopsis castanea), which can damage 30 to 40% of production each year.<\/p><p>\u2013 Phytophtora root rot (PRR) (due to Phytophthora sp.) which causes the death of numerous trees and is developing rapidly.<\/p><p>\u2013 Bark blight disease (caused by Chryphonectrya parasitica), which causes severe lesions on the bark of branches.<\/p><p><strong>Expand research, particularly on the following points:<\/strong><\/p><p>\u2013 Varieties and rootstocks with greater disease tolerance, the different soil and climate conditions of the producing regions, especially under water stress, in a context of global warming, which is even more pronounced under the Mediterranean climate, and adapted to market demand.<\/p><p>\u2013 Environmentally friendly technical production.<\/p><p>\u2013 Harvesting techniques that guarantee optimal quality.<\/p><p>\u2013 Storage techniques that preserve the quality of the fruit.<\/p>\t\t\t\t\t\t\t\t<\/div>\n\t\t\t\t<\/div>\n\t\t\t\t<\/div>\n\t\t\t\t<\/div>\n\t\t<div class=\"elementor-element elementor-element-3df78ed e-con-full e-flex e-con e-child\" data-id=\"3df78ed\" data-element_type=\"container\">\n\t\t<div class=\"elementor-element elementor-element-c8e00fa e-con-full e-flex e-con e-child\" data-id=\"c8e00fa\" data-element_type=\"container\" data-settings=\"{&quot;background_background&quot;:&quot;classic&quot;}\">\n\t\t\t\t<div class=\"elementor-element elementor-element-7efbab1 elementor-widget elementor-widget-heading\" data-id=\"7efbab1\" data-element_type=\"widget\" data-widget_type=\"heading.default\">\n\t\t\t\t<div class=\"elementor-widget-container\">\n\t\t\t\t\t<h2 class=\"elementor-heading-title elementor-size-default\">Axis 3: creating added value \n<\/h2>\t\t\t\t<\/div>\n\t\t\t\t<\/div>\n\t\t\t\t<div class=\"elementor-element elementor-element-10fa5b4 elementor-widget elementor-widget-text-editor\" data-id=\"10fa5b4\" data-element_type=\"widget\" data-widget_type=\"text-editor.default\">\n\t\t\t\t<div class=\"elementor-widget-container\">\n\t\t\t\t\t\t\t\t\t<p>The goal: to innovate, to seek out new products and new, environmentally friendly packaging, and to develop a range of processed agricultural and industrial products.<\/p><p>Observation of Asian markets clearly shows that the range of processed products can be very broad and include products with high added value for both the producer and the processor. The opportunities for progress through innovation are numerous, and include:<\/p><p>\u2013 Innovations in products and packaging<\/p><p>\u2013 Tangible and intangible investments<\/p><p>- Education<\/p><p>\u2013 Identify the productions of European regions by their quality labels<\/p><p>Consumer demand for certified quality and locally sourced products is very strong.<\/p><p>Chestnuts have an advantage: they are a product strongly linked to their origins, with an identity and a traditional and natural image. Many European chestnut-producing regions have implemented quality labels such as PGI and PDO. The low production volumes of chestnuts mean an equally small impact at the EU level. Therefore, it is necessary to increase the visibility and awareness of these products through communication and promotional actions.<\/p><p><strong>Strengthen the organization of the sector.<\/strong><\/p><p>National and regional interprofessional Producer Organizations are the foundation of any strategy to renew and revitalize the European sector. They are the key players in our European Chestnut Network, EUROCASTANEA, and enable ongoing and fruitful exchanges of experiences and best practices. In this context, one example of concerted action was the development of biological control against the chestnut gall wasp. It helped to rapidly halt the spread of the disease.<\/p>\t\t\t\t\t\t\t\t<\/div>\n\t\t\t\t<\/div>\n\t\t\t\t<\/div>\n\t\t<div class=\"elementor-element elementor-element-b5f86fb e-con-full e-flex e-con e-child\" data-id=\"b5f86fb\" data-element_type=\"container\" data-settings=\"{&quot;background_background&quot;:&quot;classic&quot;}\">\n\t\t\t\t<div class=\"elementor-element elementor-element-bd1f323 elementor-widget elementor-widget-heading\" data-id=\"bd1f323\" data-element_type=\"widget\" data-widget_type=\"heading.default\">\n\t\t\t\t<div class=\"elementor-widget-container\">\n\t\t\t\t\t<h2 class=\"elementor-heading-title elementor-size-default\">Axis 4: develop consumption \n<\/h2>\t\t\t\t<\/div>\n\t\t\t\t<\/div>\n\t\t\t\t<div class=\"elementor-element elementor-element-e597b5d elementor-widget elementor-widget-text-editor\" data-id=\"e597b5d\" data-element_type=\"widget\" data-widget_type=\"text-editor.default\">\n\t\t\t\t<div class=\"elementor-widget-container\">\n\t\t\t\t\t\t\t\t\t<p>Objective: to increase the consumption of chestnuts in all their forms.<\/p><p>Communication to distributors and consumers.<\/p><p>Two main points can be suggested:<\/p><p>\u2013 Add value to the fruit. The primary function of the chestnut grove is to produce fruit for human consumption. The European chestnut has significant assets that should be highlighted through a communication policy tailored to consumers and professionals in the agri-food sector.<\/p><p>\u2013 Promotion of chestnut groves and their socioeconomic impact in fragile rural areas: Information and awareness-raising activities should be carried out on the heritage of chestnut groves. Their tourist value and positive impact on the landscape and biodiversity must be disseminated.<\/p>\t\t\t\t\t\t\t\t<\/div>\n\t\t\t\t<\/div>\n\t\t\t\t<div class=\"elementor-element elementor-element-14dc57e elementor-widget elementor-widget-heading\" data-id=\"14dc57e\" data-element_type=\"widget\" data-widget_type=\"heading.default\">\n\t\t\t\t<div class=\"elementor-widget-container\">\n\t\t\t\t\t<h2 class=\"elementor-heading-title elementor-size-default\"> Axis 5: Recognition of chestnut groves in European policies <\/h2>\t\t\t\t<\/div>\n\t\t\t\t<\/div>\n\t\t\t\t<div class=\"elementor-element elementor-element-004ae5f elementor-widget elementor-widget-text-editor\" data-id=\"004ae5f\" data-element_type=\"widget\" data-widget_type=\"text-editor.default\">\n\t\t\t\t<div class=\"elementor-widget-container\">\n\t\t\t\t\t\t\t\t\t<p>Chestnut groves must continue to be considered by both pillars (direct aid and rural development of the future common agricultural policy): The European Union Structural Funds:<\/p><p>\u2013 The European Regional Development Fund (ERDF): strengthening economic and social cohesion within the European Union by correcting regional imbalances. The territories where most chestnut groves are located are in areas with significant natural geographical disadvantages (isolated rural areas, mountains, or sparsely populated regions).<\/p><p>\u2013 The European Social Fund (ESF): to support projects promoting employment. <\/p>\t\t\t\t\t\t\t\t<\/div>\n\t\t\t\t<\/div>\n\t\t\t\t<\/div>\n\t\t\t\t<\/div>\n\t\t\t\t<\/div>\n\t\t\t\t<\/div>","protected":false},"excerpt":{"rendered":"<p>Eurocastanea \u00bfQu\u00e9 es Eurocastanea? EUROCASTANEA es la Red Europea del Casta\u00f1o y\u00a0\u00a0tiene como objetivo fomentar el di\u00e1logo, la cooperaci\u00f3n y las acciones conjuntas entre los actores de la industria europea de la casta\u00f1a. De forma espec\u00edfica tiene los siguientes objetivos: Representar, defender y promover los intereses comunes de la industria casta\u00f1a europea; Contribuir al desarrollo [&hellip;]<\/p>","protected":false},"author":1,"featured_media":0,"parent":0,"menu_order":0,"comment_status":"closed","ping_status":"closed","template":"","meta":{"footnotes":""},"class_list":["post-358","page","type-page","status-publish","hentry"],"_links":{"self":[{"href":"https:\/\/eurocastanea2025andalucia.com\/en\/wp-json\/wp\/v2\/pages\/358","targetHints":{"allow":["GET"]}}],"collection":[{"href":"https:\/\/eurocastanea2025andalucia.com\/en\/wp-json\/wp\/v2\/pages"}],"about":[{"href":"https:\/\/eurocastanea2025andalucia.com\/en\/wp-json\/wp\/v2\/types\/page"}],"author":[{"embeddable":true,"href":"https:\/\/eurocastanea2025andalucia.com\/en\/wp-json\/wp\/v2\/users\/1"}],"replies":[{"embeddable":true,"href":"https:\/\/eurocastanea2025andalucia.com\/en\/wp-json\/wp\/v2\/comments?post=358"}],"version-history":[{"count":19,"href":"https:\/\/eurocastanea2025andalucia.com\/en\/wp-json\/wp\/v2\/pages\/358\/revisions"}],"predecessor-version":[{"id":762,"href":"https:\/\/eurocastanea2025andalucia.com\/en\/wp-json\/wp\/v2\/pages\/358\/revisions\/762"}],"wp:attachment":[{"href":"https:\/\/eurocastanea2025andalucia.com\/en\/wp-json\/wp\/v2\/media?parent=358"}],"curies":[{"name":"wp","href":"https:\/\/api.w.org\/{rel}","templated":true}]}}