{"id":299,"date":"2025-04-22T09:55:38","date_gmt":"2025-04-22T07:55:38","guid":{"rendered":"https:\/\/eurocastanea.ekuanimeprojects.com\/?page_id=299"},"modified":"2025-09-09T09:55:47","modified_gmt":"2025-09-09T07:55:47","slug":"acceso-al-congreso","status":"publish","type":"page","link":"https:\/\/eurocastanea2025andalucia.com\/en\/acceso-al-congreso\/","title":{"rendered":"Acceso al congreso"},"content":{"rendered":"<div data-elementor-type=\"wp-page\" data-elementor-id=\"299\" class=\"elementor elementor-299\" data-elementor-post-type=\"page\">\n\t\t\t\t<div class=\"elementor-element elementor-element-1ff5a1f e-con-full e-flex e-con e-parent\" data-id=\"1ff5a1f\" data-element_type=\"container\" data-settings=\"{&quot;background_background&quot;:&quot;classic&quot;}\">\n\t\t<div class=\"elementor-element elementor-element-f6ab4b6 e-con-full e-flex e-con e-child\" data-id=\"f6ab4b6\" data-element_type=\"container\">\n\t\t\t\t<div class=\"elementor-element elementor-element-5707477 elementor-widget elementor-widget-heading\" data-id=\"5707477\" data-element_type=\"widget\" data-widget_type=\"heading.default\">\n\t\t\t\t<div class=\"elementor-widget-container\">\n\t\t\t\t\t<h2 class=\"elementor-heading-title elementor-size-default\">Access to the conference<\/h2>\t\t\t\t<\/div>\n\t\t\t\t<\/div>\n\t\t\t\t<\/div>\n\t\t<div class=\"elementor-element elementor-element-d0d7763 e-con-full e-flex e-con e-child\" data-id=\"d0d7763\" data-element_type=\"container\">\n\t\t\t\t<\/div>\n\t\t\t\t<\/div>\n\t\t<div class=\"elementor-element elementor-element-5126c32 e-flex e-con-boxed e-con e-parent\" data-id=\"5126c32\" data-element_type=\"container\" id=\"parque\">\n\t\t\t\t\t<div class=\"e-con-inner\">\n\t\t\t\t<div class=\"elementor-element elementor-element-b9a988f elementor-widget elementor-widget-heading\" data-id=\"b9a988f\" data-element_type=\"widget\" data-widget_type=\"heading.default\">\n\t\t\t\t<div class=\"elementor-widget-container\">\n\t\t\t\t\t<h2 class=\"elementor-heading-title elementor-size-default\">Place of celebration<\/h2>\t\t\t\t<\/div>\n\t\t\t\t<\/div>\n\t\t\t\t<div class=\"elementor-element elementor-element-673ac5e elementor-widget elementor-widget-text-editor\" data-id=\"673ac5e\" data-element_type=\"widget\" data-widget_type=\"text-editor.default\">\n\t\t\t\t<div class=\"elementor-widget-container\">\n\t\t\t\t\t\t\t\t\t<p>The conference will be held at the Hotel Barcel\u00f3 Aracena.<\/p>\t\t\t\t\t\t\t\t<\/div>\n\t\t\t\t<\/div>\n\t\t\t\t<div class=\"elementor-element elementor-element-63fe9dc elementor-widget elementor-widget-google_maps\" data-id=\"63fe9dc\" data-element_type=\"widget\" data-widget_type=\"google_maps.default\">\n\t\t\t\t<div class=\"elementor-widget-container\">\n\t\t\t\t\t\t\t<div class=\"elementor-custom-embed\">\n\t\t\t<iframe loading=\"lazy\"\n\t\t\t\t\tsrc=\"https:\/\/maps.google.com\/maps?q=hotel%20barcelo%20aracena&#038;t=m&#038;z=14&#038;output=embed&#038;iwloc=near\"\n\t\t\t\t\ttitle=\"hotel barcelo aracena\"\n\t\t\t\t\taria-label=\"hotel barcelo aracena\"\n\t\t\t><\/iframe>\n\t\t<\/div>\n\t\t\t\t\t\t<\/div>\n\t\t\t\t<\/div>\n\t\t\t\t\t<\/div>\n\t\t\t\t<\/div>\n\t\t<div class=\"elementor-element elementor-element-f063cf1 e-con-full e-flex e-con e-parent\" data-id=\"f063cf1\" data-element_type=\"container\">\n\t\t\t\t<div class=\"elementor-element elementor-element-e89954a elementor-hidden-desktop elementor-hidden-tablet elementor-hidden-mobile elementor-widget elementor-widget-text-editor\" data-id=\"e89954a\" data-element_type=\"widget\" data-widget_type=\"text-editor.default\">\n\t\t\t\t<div class=\"elementor-widget-container\">\n\t\t\t\t\t\t\t\t\t<p style=\"font-weight: 400;\"><strong>Last registrations!<\/strong><\/p><p style=\"font-weight: 400;\"><strong>Availability at the main hotel and Hotel El Convento is sold out.<\/strong><\/p><p style=\"font-weight: 400;\"><strong>To meet the demand, a limited package of rooms has been made available at Hotel Finca Valbono, until sold out, with transfers to the main hotel during the event included.<\/strong><\/p>\t\t\t\t\t\t\t\t<\/div>\n\t\t\t\t<\/div>\n\t\t\t\t<div class=\"elementor-element elementor-element-812e5b0 elementor-widget elementor-widget-text-editor\" data-id=\"812e5b0\" data-element_type=\"widget\" data-widget_type=\"text-editor.default\">\n\t\t\t\t<div class=\"elementor-widget-container\">\n\t\t\t\t\t\t\t\t\t<p style=\"font-weight: 400;\"><strong>Registration closed<\/strong><\/p><p style=\"font-weight: 400;\"><strong>The Eurocastanea Conferences are fully booked, and registrations are now closed. New registrations will only be accepted in the event of cancellations. Please communicate your possible interest by email to: <a href=\"\/en\/travel@somosdestinorural.com\/\">travel@somosdestinorural.com<\/a> . <\/strong><\/p><p style=\"font-weight: 400;\"><strong>Thank you very much for your trust.<\/strong><\/p>\t\t\t\t\t\t\t\t<\/div>\n\t\t\t\t<\/div>\n\t\t\t\t<div class=\"elementor-element elementor-element-487f0ac elementor-widget elementor-widget-heading\" data-id=\"487f0ac\" data-element_type=\"widget\" data-widget_type=\"heading.default\">\n\t\t\t\t<div class=\"elementor-widget-container\">\n\t\t\t\t\t<h2 class=\"elementor-heading-title elementor-size-default\">Registration modalities<\/h2>\t\t\t\t<\/div>\n\t\t\t\t<\/div>\n\t\t\t\t<div class=\"elementor-element elementor-element-9d49f27 elementor-widget elementor-widget-text-editor\" data-id=\"9d49f27\" data-element_type=\"widget\" data-widget_type=\"text-editor.default\">\n\t\t\t\t<div class=\"elementor-widget-container\">\n\t\t\t\t\t\t\t\t\t<p style=\"font-weight: 400;\"><strong>\u2018Availability will be subject to the dates on which the reservation is made. Remember that during the congress we will still be in high season, so it is recommended to speed up your booking and registration\u2019.<\/strong><\/p>\t\t\t\t\t\t\t\t<\/div>\n\t\t\t\t<\/div>\n\t\t<div class=\"elementor-element elementor-element-cab64d6 e-con-full e-flex e-con e-child\" data-id=\"cab64d6\" data-element_type=\"container\">\n\t\t<div class=\"elementor-element elementor-element-2327afb e-con-full e-flex e-con e-child\" data-id=\"2327afb\" data-element_type=\"container\" data-settings=\"{&quot;background_background&quot;:&quot;classic&quot;}\">\n\t\t\t\t<div class=\"elementor-element elementor-element-6b8572b elementor-widget elementor-widget-heading\" data-id=\"6b8572b\" data-element_type=\"widget\" data-widget_type=\"heading.default\">\n\t\t\t\t<div class=\"elementor-widget-container\">\n\t\t\t\t\t<h2 class=\"elementor-heading-title elementor-size-default\">Basic registration for the conference <\/h2>\t\t\t\t<\/div>\n\t\t\t\t<\/div>\n\t\t\t\t<div class=\"elementor-element elementor-element-de18c26 elementor-widget elementor-widget-text-editor\" data-id=\"de18c26\" data-element_type=\"widget\" data-widget_type=\"text-editor.default\">\n\t\t\t\t<div class=\"elementor-widget-container\">\n\t\t\t\t\t\t\t\t\t<p>(includes the right to attend the conference on the 11th and 12th, coffees, meals and transfers to field visits).<\/p>\t\t\t\t\t\t\t\t<\/div>\n\t\t\t\t<\/div>\n\t\t\t\t<div class=\"elementor-element elementor-element-a09df49 elementor-widget elementor-widget-text-editor\" data-id=\"a09df49\" data-element_type=\"widget\" data-widget_type=\"text-editor.default\">\n\t\t\t\t<div class=\"elementor-widget-container\">\n\t\t\t\t\t\t\t\t\t<p>Registration: 105 euros<\/p>\t\t\t\t\t\t\t\t<\/div>\n\t\t\t\t<\/div>\n\t\t\t\t<\/div>\n\t\t<div class=\"elementor-element elementor-element-367ea26 e-con-full e-flex e-con e-child\" data-id=\"367ea26\" data-element_type=\"container\" data-settings=\"{&quot;background_background&quot;:&quot;classic&quot;}\">\n\t\t\t\t<div class=\"elementor-element elementor-element-c1888af elementor-widget elementor-widget-heading\" data-id=\"c1888af\" data-element_type=\"widget\" data-widget_type=\"heading.default\">\n\t\t\t\t<div class=\"elementor-widget-container\">\n\t\t\t\t\t<h2 class=\"elementor-heading-title elementor-size-default\">Full registration for the conference<\/h2>\t\t\t\t<\/div>\n\t\t\t\t<\/div>\n\t\t\t\t<div class=\"elementor-element elementor-element-f9c444b elementor-widget elementor-widget-text-editor\" data-id=\"f9c444b\" data-element_type=\"widget\" data-widget_type=\"text-editor.default\">\n\t\t\t\t<div class=\"elementor-widget-container\">\n\t\t\t\t\t\t\t\t\t<p>(includes basic registration + events B2b and cooperation on Saturday 13th + dinners on Thursday 11th and closing dinner on Friday 12th).<\/p>\t\t\t\t\t\t\t\t<\/div>\n\t\t\t\t<\/div>\n\t\t\t\t<div class=\"elementor-element elementor-element-3204178 elementor-widget elementor-widget-text-editor\" data-id=\"3204178\" data-element_type=\"widget\" data-widget_type=\"text-editor.default\">\n\t\t\t\t<div class=\"elementor-widget-container\">\n\t\t\t\t\t\t\t\t\t<p>Registration: 210 euros<\/p>\t\t\t\t\t\t\t\t<\/div>\n\t\t\t\t<\/div>\n\t\t\t\t<\/div>\n\t\t\t\t<\/div>\n\t\t<div class=\"elementor-element elementor-element-ffde68d e-con-full e-flex e-con e-child\" data-id=\"ffde68d\" data-element_type=\"container\">\n\t\t<div class=\"elementor-element elementor-element-5300b09 e-con-full e-flex e-con e-child\" data-id=\"5300b09\" data-element_type=\"container\" data-settings=\"{&quot;background_background&quot;:&quot;classic&quot;}\">\n\t\t\t\t<div class=\"elementor-element elementor-element-44ae0f7 elementor-widget elementor-widget-heading\" data-id=\"44ae0f7\" data-element_type=\"widget\" data-widget_type=\"heading.default\">\n\t\t\t\t<div class=\"elementor-widget-container\">\n\t\t\t\t\t<h2 class=\"elementor-heading-title elementor-size-default\">Full registration with accommodation at Hotel Finca Valbono<\/h2>\t\t\t\t<\/div>\n\t\t\t\t<\/div>\n\t\t\t\t<div class=\"elementor-element elementor-element-f82e722 elementor-widget elementor-widget-text-editor\" data-id=\"f82e722\" data-element_type=\"widget\" data-widget_type=\"text-editor.default\">\n\t\t\t\t<div class=\"elementor-widget-container\">\n\t\t\t\t\t\t\t\t\t<p style=\"font-weight: 400;\">Includes full registration + accommodation at Hotel Finca Valbono in an apartment on a single occupancy basis + transfers from Seville Airport or Santa Justa train station, and return (nights of September 10, 11 and 12). Transfers to the main hotel and event venues during the conference days are included.<\/p><p style=\"font-weight: 400;\">Registration fee: 500 euros<\/p>\t\t\t\t\t\t\t\t<\/div>\n\t\t\t\t<\/div>\n\t\t\t\t<\/div>\n\t\t<div class=\"elementor-element elementor-element-b21848f e-con-full e-flex e-con e-child\" data-id=\"b21848f\" data-element_type=\"container\" data-settings=\"{&quot;background_background&quot;:&quot;classic&quot;}\">\n\t\t\t\t<div class=\"elementor-element elementor-element-b7dc0b0 elementor-widget elementor-widget-heading\" data-id=\"b7dc0b0\" data-element_type=\"widget\" data-widget_type=\"heading.default\">\n\t\t\t\t<div class=\"elementor-widget-container\">\n\t\t\t\t\t<h2 class=\"elementor-heading-title elementor-size-default\">Companion registration in apartment at Hotel Finca Valbono (no access to conference sessions)<\/h2>\t\t\t\t<\/div>\n\t\t\t\t<\/div>\n\t\t\t\t<div class=\"elementor-element elementor-element-33a697d elementor-widget elementor-widget-text-editor\" data-id=\"33a697d\" data-element_type=\"widget\" data-widget_type=\"text-editor.default\">\n\t\t\t\t<div class=\"elementor-widget-container\">\n\t\t\t\t\t\t\t\t\t<p style=\"font-weight: 400;\">Includes only Thursday dinner and the closing dinner, plus double apartment supplement at Hotel Finca Valbono (nights of September 10, 11, and 12). Transfers to the main hotel and event venues during the conference days are included.<\/p><p style=\"font-weight: 400;\">Registration fee: 149 euros.<\/p>\t\t\t\t\t\t\t\t<\/div>\n\t\t\t\t<\/div>\n\t\t\t\t<\/div>\n\t\t\t\t<\/div>\n\t\t<div class=\"elementor-element elementor-element-70d3f63 e-con-full e-flex e-con e-child\" data-id=\"70d3f63\" data-element_type=\"container\">\n\t\t<div class=\"elementor-element elementor-element-22ee07c e-con-full e-flex e-con e-child\" data-id=\"22ee07c\" data-element_type=\"container\" data-settings=\"{&quot;background_background&quot;:&quot;classic&quot;}\">\n\t\t\t\t<div class=\"elementor-element elementor-element-37a8d2c elementor-widget elementor-widget-heading\" data-id=\"37a8d2c\" data-element_type=\"widget\" data-widget_type=\"heading.default\">\n\t\t\t\t<div class=\"elementor-widget-container\">\n\t\t\t\t\t<h2 class=\"elementor-heading-title elementor-size-default\">Companion registration in apartment at Hotel Finca Valbono with access to the congress<\/h2>\t\t\t\t<\/div>\n\t\t\t\t<\/div>\n\t\t\t\t<div class=\"elementor-element elementor-element-6b1372f elementor-widget elementor-widget-text-editor\" data-id=\"6b1372f\" data-element_type=\"widget\" data-widget_type=\"text-editor.default\">\n\t\t\t\t<div class=\"elementor-widget-container\">\n\t\t\t\t\t\t\t\t\t<p style=\"font-weight: 400;\">Includes full registration and double occupancy supplement in an apartment at Hotel Finca Valbono (nights of September 10, 11, and 12). Transfers to the main hotel and event venues during the conference days are included.<\/p><p style=\"font-weight: 400;\">Registration fee: 259 euros.\u00a0\u00a0\u00a0\u00a0<\/p>\t\t\t\t\t\t\t\t<\/div>\n\t\t\t\t<\/div>\n\t\t\t\t<\/div>\n\t\t<div class=\"elementor-element elementor-element-f0f23b7 e-con-full e-flex e-con e-child\" data-id=\"f0f23b7\" data-element_type=\"container\" data-settings=\"{&quot;background_background&quot;:&quot;classic&quot;}\">\n\t\t\t\t<div class=\"elementor-element elementor-element-e8de31a elementor-widget elementor-widget-heading\" data-id=\"e8de31a\" data-element_type=\"widget\" data-widget_type=\"heading.default\">\n\t\t\t\t<div class=\"elementor-widget-container\">\n\t\t\t\t\t<h2 class=\"elementor-heading-title elementor-size-default\">Special Sponsors Registration<\/h2>\t\t\t\t<\/div>\n\t\t\t\t<\/div>\n\t\t\t\t<div class=\"elementor-element elementor-element-7afcdec elementor-widget elementor-widget-text-editor\" data-id=\"7afcdec\" data-element_type=\"widget\" data-widget_type=\"text-editor.default\">\n\t\t\t\t<div class=\"elementor-widget-container\">\n\t\t\t\t\t\t\t\t\t<p style=\"font-weight: 400;\">Includes free full registration to the conference sessions and accommodation in a single apartment at Hotel Finca Valbono (nights of September 10, 11, and 12). Transfers to the main hotel and event venues during the conference days are included.<\/p><p style=\"font-weight: 400;\">Registration fee: 290 euros.<\/p><p style=\"font-weight: 400;\">\u00a0<\/p>\t\t\t\t\t\t\t\t<\/div>\n\t\t\t\t<\/div>\n\t\t\t\t<\/div>\n\t\t\t\t<\/div>\n\t\t<div class=\"elementor-element elementor-element-fd7b672 e-con-full e-flex e-con e-child\" data-id=\"fd7b672\" data-element_type=\"container\">\n\t\t<div class=\"elementor-element elementor-element-4f1853a e-con-full e-flex e-con e-child\" data-id=\"4f1853a\" data-element_type=\"container\" data-settings=\"{&quot;background_background&quot;:&quot;classic&quot;}\">\n\t\t\t\t<div class=\"elementor-element elementor-element-4340fbe elementor-widget elementor-widget-heading\" data-id=\"4340fbe\" data-element_type=\"widget\" data-widget_type=\"heading.default\">\n\t\t\t\t<div class=\"elementor-widget-container\">\n\t\t\t\t\t<h2 class=\"elementor-heading-title elementor-size-default\">Special Speaker Registration<\/h2>\t\t\t\t<\/div>\n\t\t\t\t<\/div>\n\t\t\t\t<div class=\"elementor-element elementor-element-13d2ae3 elementor-widget elementor-widget-text-editor\" data-id=\"13d2ae3\" data-element_type=\"widget\" data-widget_type=\"text-editor.default\">\n\t\t\t\t<div class=\"elementor-widget-container\">\n\t\t\t\t\t\t\t\t\t<p style=\"font-weight: 400;\">Includes full registration with a 50% discount plus accommodation in a single-use apartment at Hotel Finca Valbono (nights of September 10, 11, and 12). Transfers to the main hotel and event venues during the conference days are included.<\/p><p style=\"font-weight: 400;\">Special registration fee: 395 euros.<\/p>\t\t\t\t\t\t\t\t<\/div>\n\t\t\t\t<\/div>\n\t\t\t\t<\/div>\n\t\t\t\t<\/div>\n\t\t\t\t<\/div>\n\t\t<div class=\"elementor-element elementor-element-426cf4b e-con-full e-flex e-con e-parent\" data-id=\"426cf4b\" data-element_type=\"container\">\n\t\t\t\t<div class=\"elementor-element elementor-element-0060595 elementor-widget elementor-widget-heading\" data-id=\"0060595\" data-element_type=\"widget\" data-widget_type=\"heading.default\">\n\t\t\t\t<div class=\"elementor-widget-container\">\n\t\t\t\t\t<h2 class=\"elementor-heading-title elementor-size-default\">Transfer to the conference<\/h2>\t\t\t\t<\/div>\n\t\t\t\t<\/div>\n\t\t\t\t<div class=\"elementor-element elementor-element-d60d2d2 elementor-widget elementor-widget-text-editor\" data-id=\"d60d2d2\" data-element_type=\"widget\" data-widget_type=\"text-editor.default\">\n\t\t\t\t<div class=\"elementor-widget-container\">\n\t\t\t\t\t\t\t\t\t<p>Formed by 28 municipalities, 14 of which are Chestnut producers.<\/p>\t\t\t\t\t\t\t\t<\/div>\n\t\t\t\t<\/div>\n\t\t<div class=\"elementor-element elementor-element-307ff1c e-con-full e-flex e-con e-child\" data-id=\"307ff1c\" data-element_type=\"container\">\n\t\t<div class=\"elementor-element elementor-element-80dc6ac e-con-full e-flex e-con e-child\" data-id=\"80dc6ac\" data-element_type=\"container\" data-settings=\"{&quot;background_background&quot;:&quot;classic&quot;}\">\n\t\t\t\t<div class=\"elementor-element elementor-element-6101b9a elementor-widget elementor-widget-heading\" data-id=\"6101b9a\" data-element_type=\"widget\" data-widget_type=\"heading.default\">\n\t\t\t\t<div class=\"elementor-widget-container\">\n\t\t\t\t\t<h2 class=\"elementor-heading-title elementor-size-default\">Traslado oficial de las jornadas (Sevilla \/ Congreso \/ Sevilla)<\/h2>\t\t\t\t<\/div>\n\t\t\t\t<\/div>\n\t\t\t\t<div class=\"elementor-element elementor-element-415a8d4 elementor-widget elementor-widget-text-editor\" data-id=\"415a8d4\" data-element_type=\"widget\" data-widget_type=\"text-editor.default\">\n\t\t\t\t<div class=\"elementor-widget-container\">\n\t\t\t\t\t\t\t\t\t<p><b>Only<\/b> for congress participants who have booked <b>accommodation at the main hotel (Barcel\u00f3) or at Hotel Convento.<\/b><\/p><p class=\"translation-block\"><strong>Buses<\/strong> will be available to transport registered congress attendees from the <strong>airport<\/strong> or <strong>station<\/strong> to the <strong>Barcel\u00f3 Hotel and back to Seville<\/strong>.<\/p><p class=\"translation-block\">The <strong>transfer schedules<\/strong> will be determined based on the <strong>arrival information<\/strong> provided by the congress attendees.<\/p>\t\t\t\t\t\t\t\t<\/div>\n\t\t\t\t<\/div>\n\t\t\t\t<\/div>\n\t\t<div class=\"elementor-element elementor-element-6f76169 e-con-full e-flex e-con e-child\" data-id=\"6f76169\" data-element_type=\"container\" data-settings=\"{&quot;background_background&quot;:&quot;classic&quot;}\">\n\t\t\t\t<div class=\"elementor-element elementor-element-3b7d262 elementor-widget elementor-widget-heading\" data-id=\"3b7d262\" data-element_type=\"widget\" data-widget_type=\"heading.default\">\n\t\t\t\t<div class=\"elementor-widget-container\">\n\t\t\t\t\t<h2 class=\"elementor-heading-title elementor-size-default\">Public bus service (Sevilla \/ Aracena \/ Sevilla)<\/h2>\t\t\t\t<\/div>\n\t\t\t\t<\/div>\n\t\t\t\t<div class=\"elementor-element elementor-element-c0cc092 elementor-widget elementor-widget-text-editor\" data-id=\"c0cc092\" data-element_type=\"widget\" data-widget_type=\"text-editor.default\">\n\t\t\t\t<div class=\"elementor-widget-container\">\n\t\t\t\t\t\t\t\t\t<p class=\"translation-block\">The company operating the daily bus service is <strong><a href=\"https:\/\/damas-sa.es\/\" target=\"_self\"><span style=\"color: #daaf73\">Damas SA<\/span><\/a><\/strong>. The frequency varies depending on the time of year.<\/p><p>Please check frequency on the day you require it on the bus company's website.<\/p>\t\t\t\t\t\t\t\t<\/div>\n\t\t\t\t<\/div>\n\t\t\t\t<\/div>\n\t\t\t\t<\/div>\n\t\t\t\t<\/div>\n\t\t<div class=\"elementor-element elementor-element-c8d33ed e-con-full e-flex e-con e-parent\" data-id=\"c8d33ed\" data-element_type=\"container\">\n\t\t\t\t<div class=\"elementor-element elementor-element-ba665ef elementor-widget elementor-widget-heading\" data-id=\"ba665ef\" data-element_type=\"widget\" data-widget_type=\"heading.default\">\n\t\t\t\t<div class=\"elementor-widget-container\">\n\t\t\t\t\t<h2 class=\"elementor-heading-title elementor-size-default\">Self-employed stay<\/h2>\t\t\t\t<\/div>\n\t\t\t\t<\/div>\n\t\t\t\t<div class=\"elementor-element elementor-element-79e93e1 elementor-widget elementor-widget-text-editor\" data-id=\"79e93e1\" data-element_type=\"widget\" data-widget_type=\"text-editor.default\">\n\t\t\t\t<div class=\"elementor-widget-container\">\n\t\t\t\t\t\t\t\t\t<p class=\"translation-block\">\u201cThe congress has arranged special rates for attendees who wish to manage their own accommodation and travel. For more information, please email <a href='mailto:travel@somosdestinorural.com' target='_blank' rel='noopener'>travel@somosdestinorural.com<\/a>.\u201d<\/p>\t\t\t\t\t\t\t\t<\/div>\n\t\t\t\t<\/div>\n\t\t<div class=\"elementor-element elementor-element-367368d e-con-full e-flex e-con e-child\" data-id=\"367368d\" data-element_type=\"container\">\n\t\t<div class=\"elementor-element elementor-element-b34e47c e-con-full e-flex e-con e-child\" data-id=\"b34e47c\" data-element_type=\"container\" data-settings=\"{&quot;background_background&quot;:&quot;classic&quot;}\">\n\t\t\t\t<div class=\"elementor-element elementor-element-3344614 elementor-widget elementor-widget-heading\" data-id=\"3344614\" data-element_type=\"widget\" data-widget_type=\"heading.default\">\n\t\t\t\t<div class=\"elementor-widget-container\">\n\t\t\t\t\t<h2 class=\"elementor-heading-title elementor-size-default\">Hotel flats Finca Valbono<\/h2>\t\t\t\t<\/div>\n\t\t\t\t<\/div>\n\t\t\t\t<div class=\"elementor-element elementor-element-e681f8c elementor-widget elementor-widget-text-editor\" data-id=\"e681f8c\" data-element_type=\"widget\" data-widget_type=\"text-editor.default\">\n\t\t\t\t<div class=\"elementor-widget-container\">\n\t\t\t\t\t\t\t\t\t<p>Prices include breakfast while availability lasts.<\/p><p>1) booking before 30 June:\u00a0<\/p><p style=\"font-weight: 400;\">- Room for single use: 77 \u20ac.<\/p><p style=\"font-weight: 400;\">- Room for 2 persons: 98 \u20ac.<\/p><p style=\"font-weight: 400;\">- Flat for single use: \u20ac82<\/p><p style=\"font-weight: 400;\">- Flat for 2 persons: 107 \u20ac.<\/p><p>2) Booking from 1 July:<\/p><p style=\"font-weight: 400;\">- Room for single use: 89 \u20ac.<\/p><p style=\"font-weight: 400;\">- Room for 2 persons: 112 \u20ac.<\/p><p style=\"font-weight: 400;\">- Flat for single use: \u20ac95<\/p><p style=\"font-weight: 400;\">- Flat for 2 persons: 123 \u20ac.<\/p>\t\t\t\t\t\t\t\t<\/div>\n\t\t\t\t<\/div>\n\t\t\t\t<div class=\"elementor-element elementor-element-92ff11a elementor-align-left elementor-widget elementor-widget-button\" data-id=\"92ff11a\" data-element_type=\"widget\" data-widget_type=\"button.default\">\n\t\t\t\t<div class=\"elementor-widget-container\">\n\t\t\t\t\t\t\t\t\t<div class=\"elementor-button-wrapper\">\n\t\t\t\t\t<a class=\"elementor-button elementor-button-link elementor-size-sm\" href=\"https:\/\/www.fincavalbono.com\/\" target=\"_blank\">\n\t\t\t\t\t\t<span class=\"elementor-button-content-wrapper\">\n\t\t\t\t\t\t\t\t\t<span class=\"elementor-button-text\">See hotel<\/span>\n\t\t\t\t\t<\/span>\n\t\t\t\t\t<\/a>\n\t\t\t\t<\/div>\n\t\t\t\t\t\t\t\t<\/div>\n\t\t\t\t<\/div>\n\t\t\t\t<\/div>\n\t\t<div class=\"elementor-element elementor-element-b82aba6 e-con-full e-flex e-con e-child\" data-id=\"b82aba6\" data-element_type=\"container\" data-settings=\"{&quot;background_background&quot;:&quot;classic&quot;}\">\n\t\t\t\t<div class=\"elementor-element elementor-element-cf9c580 elementor-widget elementor-widget-heading\" data-id=\"cf9c580\" data-element_type=\"widget\" data-widget_type=\"heading.default\">\n\t\t\t\t<div class=\"elementor-widget-container\">\n\t\t\t\t\t<h2 class=\"elementor-heading-title elementor-size-default\">Hotel Los Casta\u00f1os<\/h2>\t\t\t\t<\/div>\n\t\t\t\t<\/div>\n\t\t\t\t<div class=\"elementor-element elementor-element-80b4b5e elementor-widget elementor-widget-text-editor\" data-id=\"80b4b5e\" data-element_type=\"widget\" data-widget_type=\"text-editor.default\">\n\t\t\t\t<div class=\"elementor-widget-container\">\n\t\t\t\t\t\t\t\t\t<p><strong><b> Availability is only from 10 and 11 September, <\/b> <\/strong>until rooms are sold out.<\/p><p>Double room: 90 euros<u><\/u><u><\/u><\/p><p>Double room for single use: 76 euros<\/p>\t\t\t\t\t\t\t\t<\/div>\n\t\t\t\t<\/div>\n\t\t\t\t<div class=\"elementor-element elementor-element-fa08b16 elementor-align-left elementor-widget elementor-widget-button\" data-id=\"fa08b16\" data-element_type=\"widget\" data-widget_type=\"button.default\">\n\t\t\t\t<div class=\"elementor-widget-container\">\n\t\t\t\t\t\t\t\t\t<div class=\"elementor-button-wrapper\">\n\t\t\t\t\t<a class=\"elementor-button elementor-button-link elementor-size-sm\" href=\"https:\/\/loscastanoshotel.com\/\" target=\"_blank\">\n\t\t\t\t\t\t<span class=\"elementor-button-content-wrapper\">\n\t\t\t\t\t\t\t\t\t<span class=\"elementor-button-text\">See hotel<\/span>\n\t\t\t\t\t<\/span>\n\t\t\t\t\t<\/a>\n\t\t\t\t<\/div>\n\t\t\t\t\t\t\t\t<\/div>\n\t\t\t\t<\/div>\n\t\t\t\t<\/div>\n\t\t\t\t<\/div>\n\t\t\t\t<\/div>\n\t\t\t\t<\/div>","protected":false},"excerpt":{"rendered":"<p>Acceso jornadas Lugar de celebraci\u00f3n Las jornadas se celebrar\u00e1 en el Hotel Barcel\u00f3 Aracena \u00a1Ultimas inscripciones! Agotada la disponibilidad en Hotel sede y en el Hotel el Convento. Con el fin de atender la demanda se habilita para las ultimas inscripciones un paquete limitado de habitaciones en el Hotel Finca Valbono, hasta agotarse, traslado al [&hellip;]<\/p>","protected":false},"author":1,"featured_media":0,"parent":0,"menu_order":0,"comment_status":"closed","ping_status":"closed","template":"","meta":{"footnotes":""},"class_list":["post-299","page","type-page","status-publish","hentry"],"_links":{"self":[{"href":"https:\/\/eurocastanea2025andalucia.com\/en\/wp-json\/wp\/v2\/pages\/299","targetHints":{"allow":["GET"]}}],"collection":[{"href":"https:\/\/eurocastanea2025andalucia.com\/en\/wp-json\/wp\/v2\/pages"}],"about":[{"href":"https:\/\/eurocastanea2025andalucia.com\/en\/wp-json\/wp\/v2\/types\/page"}],"author":[{"embeddable":true,"href":"https:\/\/eurocastanea2025andalucia.com\/en\/wp-json\/wp\/v2\/users\/1"}],"replies":[{"embeddable":true,"href":"https:\/\/eurocastanea2025andalucia.com\/en\/wp-json\/wp\/v2\/comments?post=299"}],"version-history":[{"count":112,"href":"https:\/\/eurocastanea2025andalucia.com\/en\/wp-json\/wp\/v2\/pages\/299\/revisions"}],"predecessor-version":[{"id":1213,"href":"https:\/\/eurocastanea2025andalucia.com\/en\/wp-json\/wp\/v2\/pages\/299\/revisions\/1213"}],"wp:attachment":[{"href":"https:\/\/eurocastanea2025andalucia.com\/en\/wp-json\/wp\/v2\/media?parent=299"}],"curies":[{"name":"wp","href":"https:\/\/api.w.org\/{rel}","templated":true}]}}